{"id":46,"date":"2018-01-06T23:24:53","date_gmt":"2018-01-06T22:24:53","guid":{"rendered":"https:\/\/bogengemeinschaften.de\/freckenhorster\/?page_id=46"},"modified":"2025-05-08T12:11:24","modified_gmt":"2025-05-08T10:11:24","slug":"willkommen","status":"publish","type":"page","link":"https:\/\/bogengemeinschaften.de\/oststrasse\/","title":{"rendered":"Willkommen"},"content":{"rendered":"<hr \/>\n<h2 style=\"text-align: center\">Willkommen bei der<br \/>\n<strong>Bogengemeinschaft Oststra\u00dfe<\/strong><\/h2>\n<figure id=\"attachment_259\" aria-describedby=\"caption-attachment-259\" style=\"width: 750px\" class=\"wp-caption aligncenter\"><img loading=\"lazy\" decoding=\"async\" class=\"wp-image-259 size-large\" src=\"https:\/\/bogengemeinschaften.de\/oststrasse\/wp-content\/uploads\/sites\/9\/2023\/01\/Heimatpreis_Bogengemeinschaften-Warendorf_2021_Oststrasse-Gruppenbild-1024x1024.jpg\" alt=\"\" width=\"750\" height=\"750\" srcset=\"https:\/\/bogengemeinschaften.de\/oststrasse\/wp-content\/uploads\/sites\/9\/2023\/01\/Heimatpreis_Bogengemeinschaften-Warendorf_2021_Oststrasse-Gruppenbild-1024x1024.jpg 1024w, https:\/\/bogengemeinschaften.de\/oststrasse\/wp-content\/uploads\/sites\/9\/2023\/01\/Heimatpreis_Bogengemeinschaften-Warendorf_2021_Oststrasse-Gruppenbild-300x300.jpg 300w, https:\/\/bogengemeinschaften.de\/oststrasse\/wp-content\/uploads\/sites\/9\/2023\/01\/Heimatpreis_Bogengemeinschaften-Warendorf_2021_Oststrasse-Gruppenbild-150x150.jpg 150w, https:\/\/bogengemeinschaften.de\/oststrasse\/wp-content\/uploads\/sites\/9\/2023\/01\/Heimatpreis_Bogengemeinschaften-Warendorf_2021_Oststrasse-Gruppenbild-768x768.jpg 768w, https:\/\/bogengemeinschaften.de\/oststrasse\/wp-content\/uploads\/sites\/9\/2023\/01\/Heimatpreis_Bogengemeinschaften-Warendorf_2021_Oststrasse-Gruppenbild-1536x1536.jpg 1536w, https:\/\/bogengemeinschaften.de\/oststrasse\/wp-content\/uploads\/sites\/9\/2023\/01\/Heimatpreis_Bogengemeinschaften-Warendorf_2021_Oststrasse-Gruppenbild-2048x2048.jpg 2048w, https:\/\/bogengemeinschaften.de\/oststrasse\/wp-content\/uploads\/sites\/9\/2023\/01\/Heimatpreis_Bogengemeinschaften-Warendorf_2021_Oststrasse-Gruppenbild-270x270.jpg 270w, https:\/\/bogengemeinschaften.de\/oststrasse\/wp-content\/uploads\/sites\/9\/2023\/01\/Heimatpreis_Bogengemeinschaften-Warendorf_2021_Oststrasse-Gruppenbild-230x230.jpg 230w\" sizes=\"auto, (max-width: 750px) 100vw, 750px\" \/><figcaption id=\"caption-attachment-259\" class=\"wp-caption-text\">2022 wurden die Warendorfer Bogengemeinschaften f\u00fcr den traditionellen Bogenaufbau zu Mari\u00e4 Himmelfahrt und ihr ehrenamtliches Engagement mit dem Heimatpreis der Stadt Warendorf 2021 ausgezeichnet. Nach dem Bogenabbau 2022 versammelte sich unser Oststra\u00dfen-Abbau-Team vor der Laurentiuskirche mit der tollen Auszeichnung zum Gruppenbild. Wir f\u00fchlen uns ausgezeichnet, DANKE!<\/figcaption><\/figure>\n<p style=\"text-align: center\"><em><strong>Wir geben gerne einige (Insider-)Informationen rund um unsere Bogengemeinschaft Oststra\u00dfe preis.<\/strong><\/em><br \/>\n<em><strong>Termine, Bilder und kleine Anekdoten aus dem Alltag und der Historie der Bogengemeinschaft finden sich hier aber auch.<\/strong><\/em><\/p>\n<p style=\"text-align: center\"><em><strong>Einfach in der obigen Navigation zwischen den einzelnen Rubriken w\u00e4hlen!<\/strong><\/em><\/p>\n<hr \/>\n<figure id=\"attachment_311\" aria-describedby=\"caption-attachment-311\" style=\"width: 750px\" class=\"wp-caption aligncenter\"><img loading=\"lazy\" decoding=\"async\" class=\"wp-image-311 size-large\" src=\"https:\/\/bogengemeinschaften.de\/oststrasse\/wp-content\/uploads\/sites\/9\/2024\/07\/IMG_9871-1024x1024.jpg\" alt=\"\" width=\"750\" height=\"750\" srcset=\"https:\/\/bogengemeinschaften.de\/oststrasse\/wp-content\/uploads\/sites\/9\/2024\/07\/IMG_9871-1024x1024.jpg 1024w, https:\/\/bogengemeinschaften.de\/oststrasse\/wp-content\/uploads\/sites\/9\/2024\/07\/IMG_9871-300x300.jpg 300w, https:\/\/bogengemeinschaften.de\/oststrasse\/wp-content\/uploads\/sites\/9\/2024\/07\/IMG_9871-150x150.jpg 150w, https:\/\/bogengemeinschaften.de\/oststrasse\/wp-content\/uploads\/sites\/9\/2024\/07\/IMG_9871-768x768.jpg 768w, https:\/\/bogengemeinschaften.de\/oststrasse\/wp-content\/uploads\/sites\/9\/2024\/07\/IMG_9871-1536x1536.jpg 1536w, https:\/\/bogengemeinschaften.de\/oststrasse\/wp-content\/uploads\/sites\/9\/2024\/07\/IMG_9871-2048x2048.jpg 2048w, https:\/\/bogengemeinschaften.de\/oststrasse\/wp-content\/uploads\/sites\/9\/2024\/07\/IMG_9871-270x270.jpg 270w, https:\/\/bogengemeinschaften.de\/oststrasse\/wp-content\/uploads\/sites\/9\/2024\/07\/IMG_9871-230x230.jpg 230w\" sizes=\"auto, (max-width: 750px) 100vw, 750px\" \/><figcaption id=\"caption-attachment-311\" class=\"wp-caption-text\">&#8230;zum Warendorfer Hochfest Mari\u00e4 Himmelfahrt mit ungef\u00e4hr dieser Perspektive&#8230;<\/figcaption><\/figure>\n<p>Fr\u00fch morgens haben wir unseren wundersch\u00f6nen Oststra\u00dfen-Bogen aufgebaut und am Abend steht er schon im Mittelpunkt des Geschehens. Zum Weltjugendtag 2005 in K\u00f6ln feierte die Bogenmesse Premiere. Zusammen mit vielen Jugendlichen aus unserer polnischen Partnerstadt Ole\u015bnica, die zu den Tagen der Begegnung im Vorwege des Weltjugendtages 2005 in Warendorf waren, und vielen Warendorferinnen und Warendorfern wurde ein eindrucksvoller Open-Air-Gottesdienst gefeiert.<br \/>\nDaraus sollte eine Institution werden, wie sich herausstellte. Schon unter einigen Marienb\u00f6gen fanden seit dem Gottesdienste statt.<\/p>\n<hr \/>\n<p style=\"text-align: center\"><strong>Unser traditioneller Bogenaufbau im Zeitraffer:<\/strong><\/p>\n<p><iframe loading=\"lazy\" title=\"Oststrassen Teamwork Bogenaufbau in 3 Minuten\" width=\"750\" height=\"563\" src=\"https:\/\/www.youtube.com\/embed\/xRMBuRi8FhE?feature=oembed\" frameborder=\"0\" allow=\"accelerometer; autoplay; clipboard-write; encrypted-media; gyroscope; picture-in-picture; web-share\" referrerpolicy=\"strict-origin-when-cross-origin\" allowfullscreen><\/iframe><\/p>\n<p style=\"text-align: center\"><strong>K\u00fcnstler &amp; Bogengemeinschafts-Mitglied Smoe sprayt den Oststra\u00dfen-Bogen:<\/strong><\/p>\n<p><iframe loading=\"lazy\" title=\"Smoe\" width=\"750\" height=\"563\" src=\"https:\/\/www.youtube.com\/embed\/aHtG06xRM0c?feature=oembed\" frameborder=\"0\" allow=\"accelerometer; autoplay; clipboard-write; encrypted-media; gyroscope; picture-in-picture; web-share\" referrerpolicy=\"strict-origin-when-cross-origin\" allowfullscreen><\/iframe><\/p>\n","protected":false},"excerpt":{"rendered":"<p>Willkommen bei der Bogengemeinschaft Oststra\u00dfe Wir geben gerne einige (Insider-)Informationen rund um unsere Bogengemeinschaft Oststra\u00dfe preis. Termine, Bilder und kleine Anekdoten aus dem Alltag und der Historie der Bogengemeinschaft finden sich hier aber auch. Einfach in der obigen Navigation zwischen<\/p>\n","protected":false},"author":9,"featured_media":0,"parent":0,"menu_order":0,"comment_status":"closed","ping_status":"closed","template":"","meta":{"footnotes":""},"class_list":["post-46","page","type-page","status-publish","hentry"],"_links":{"self":[{"href":"https:\/\/bogengemeinschaften.de\/oststrasse\/wp-json\/wp\/v2\/pages\/46","targetHints":{"allow":["GET"]}}],"collection":[{"href":"https:\/\/bogengemeinschaften.de\/oststrasse\/wp-json\/wp\/v2\/pages"}],"about":[{"href":"https:\/\/bogengemeinschaften.de\/oststrasse\/wp-json\/wp\/v2\/types\/page"}],"author":[{"embeddable":true,"href":"https:\/\/bogengemeinschaften.de\/oststrasse\/wp-json\/wp\/v2\/users\/9"}],"replies":[{"embeddable":true,"href":"https:\/\/bogengemeinschaften.de\/oststrasse\/wp-json\/wp\/v2\/comments?post=46"}],"version-history":[{"count":30,"href":"https:\/\/bogengemeinschaften.de\/oststrasse\/wp-json\/wp\/v2\/pages\/46\/revisions"}],"predecessor-version":[{"id":325,"href":"https:\/\/bogengemeinschaften.de\/oststrasse\/wp-json\/wp\/v2\/pages\/46\/revisions\/325"}],"wp:attachment":[{"href":"https:\/\/bogengemeinschaften.de\/oststrasse\/wp-json\/wp\/v2\/media?parent=46"}],"curies":[{"name":"wp","href":"https:\/\/api.w.org\/{rel}","templated":true}]}}