{"id":42,"date":"2018-01-06T23:20:42","date_gmt":"2018-01-06T22:20:42","guid":{"rendered":"https:\/\/bogengemeinschaften.de\/freckenhorster\/?page_id=42"},"modified":"2023-01-21T18:06:02","modified_gmt":"2023-01-21T17:06:02","slug":"historisches","status":"publish","type":"page","link":"https:\/\/bogengemeinschaften.de\/oststrasse\/historisches\/","title":{"rendered":"Historisches"},"content":{"rendered":"\n<p><strong>Geschichtliche Daten des Oststra\u00dfebogens und der Bogengemeinschaft<br><\/strong><\/p>\n\n\n\n<figure class=\"wp-block-gallery has-nested-images columns-4 is-cropped wp-block-gallery-1 is-layout-flex wp-block-gallery-is-layout-flex\">\n<figure class=\"wp-block-image size-large\"><a href=\"https:\/\/bogengemeinschaften.de\/oststrasse\/2\/\"><img loading=\"lazy\" decoding=\"async\" width=\"663\" height=\"1024\" data-id=\"70\" src=\"https:\/\/bogengemeinschaften.de\/oststrasse\/wp-content\/uploads\/sites\/9\/2018\/01\/2-663x1024.jpg\" alt=\"\" class=\"wp-image-70\" srcset=\"https:\/\/bogengemeinschaften.de\/oststrasse\/wp-content\/uploads\/sites\/9\/2018\/01\/2-663x1024.jpg 663w, https:\/\/bogengemeinschaften.de\/oststrasse\/wp-content\/uploads\/sites\/9\/2018\/01\/2-194x300.jpg 194w, https:\/\/bogengemeinschaften.de\/oststrasse\/wp-content\/uploads\/sites\/9\/2018\/01\/2-768x1186.jpg 768w, https:\/\/bogengemeinschaften.de\/oststrasse\/wp-content\/uploads\/sites\/9\/2018\/01\/2.jpg 1092w\" sizes=\"auto, (max-width: 663px) 100vw, 663px\" \/><\/a><figcaption class=\"wp-element-caption\"><strong>von ca. 1840 bis 1927<\/strong><\/figcaption><\/figure>\n\n\n\n<figure class=\"wp-block-image size-large\"><a href=\"https:\/\/bogengemeinschaften.de\/oststrasse\/3\/\"><img loading=\"lazy\" decoding=\"async\" width=\"694\" height=\"1024\" data-id=\"69\" src=\"https:\/\/bogengemeinschaften.de\/oststrasse\/wp-content\/uploads\/sites\/9\/2018\/01\/3-694x1024.jpg\" alt=\"\" class=\"wp-image-69\" srcset=\"https:\/\/bogengemeinschaften.de\/oststrasse\/wp-content\/uploads\/sites\/9\/2018\/01\/3-694x1024.jpg 694w, https:\/\/bogengemeinschaften.de\/oststrasse\/wp-content\/uploads\/sites\/9\/2018\/01\/3-203x300.jpg 203w, https:\/\/bogengemeinschaften.de\/oststrasse\/wp-content\/uploads\/sites\/9\/2018\/01\/3.jpg 754w\" sizes=\"auto, (max-width: 694px) 100vw, 694px\" \/><\/a><figcaption class=\"wp-element-caption\"><strong>ab 1928<\/strong><\/figcaption><\/figure>\n\n\n\n<figure class=\"wp-block-image size-large\"><a href=\"https:\/\/bogengemeinschaften.de\/oststrasse\/4\/\"><img loading=\"lazy\" decoding=\"async\" width=\"624\" height=\"555\" data-id=\"73\" src=\"https:\/\/bogengemeinschaften.de\/oststrasse\/wp-content\/uploads\/sites\/9\/2018\/01\/4.jpg\" alt=\"\" class=\"wp-image-73\" srcset=\"https:\/\/bogengemeinschaften.de\/oststrasse\/wp-content\/uploads\/sites\/9\/2018\/01\/4.jpg 624w, https:\/\/bogengemeinschaften.de\/oststrasse\/wp-content\/uploads\/sites\/9\/2018\/01\/4-300x267.jpg 300w\" sizes=\"auto, (max-width: 624px) 100vw, 624px\" \/><\/a><figcaption class=\"wp-element-caption\"><strong>in den 1970\/80er-Jahren<\/strong><\/figcaption><\/figure>\n\n\n\n<figure class=\"wp-block-image size-large\"><a href=\"https:\/\/bogengemeinschaften.de\/oststrasse\/historisches\/img_4369\/\"><img loading=\"lazy\" decoding=\"async\" width=\"1024\" height=\"768\" data-id=\"219\" src=\"https:\/\/bogengemeinschaften.de\/oststrasse\/wp-content\/uploads\/sites\/9\/2021\/12\/IMG_4369-1024x768.jpg\" alt=\"\" class=\"wp-image-219\" srcset=\"https:\/\/bogengemeinschaften.de\/oststrasse\/wp-content\/uploads\/sites\/9\/2021\/12\/IMG_4369-1024x768.jpg 1024w, https:\/\/bogengemeinschaften.de\/oststrasse\/wp-content\/uploads\/sites\/9\/2021\/12\/IMG_4369-300x225.jpg 300w, https:\/\/bogengemeinschaften.de\/oststrasse\/wp-content\/uploads\/sites\/9\/2021\/12\/IMG_4369-768x576.jpg 768w, https:\/\/bogengemeinschaften.de\/oststrasse\/wp-content\/uploads\/sites\/9\/2021\/12\/IMG_4369-1536x1152.jpg 1536w, https:\/\/bogengemeinschaften.de\/oststrasse\/wp-content\/uploads\/sites\/9\/2021\/12\/IMG_4369.jpg 1632w\" sizes=\"auto, (max-width: 1024px) 100vw, 1024px\" \/><\/a><figcaption class=\"wp-element-caption\"><strong>2019 in illuminierter Pracht<\/strong><\/figcaption><\/figure>\n<\/figure>\n\n\n\n<p>Um&nbsp;<strong>1840: <\/strong>Errichtung eines Bogens mit zwei Pfeilern, die Illumination erfolgten mittels \u00d6llichtern und Bungen, sp\u00e4ter Umstellung auf Stadtgas.<\/p>\n\n\n\n<p><strong>1914: <\/strong>Letzter Aufbau vor dem 1. Weltkrieg<\/p>\n\n\n\n<p><strong>1919:&nbsp;<\/strong>Erste Illumination nach dem Krieg<\/p>\n\n\n\n<p><strong>1927:&nbsp;<\/strong>Die Bogenversammlung beschlie\u00dft die Errichtung eines neuen Bogens an alter Stelle. Von zwei Entw\u00fcrfen wurde der des Warendorfer Architekten Josef W\u00f6rmann zur Ausf\u00fchrung beschlossen.<\/p>\n\n\n\n<p>Im Fr\u00fchjahr&nbsp;<strong>1928:<\/strong> Beginn der Arbeiten durch die Firmen Theodor Dieckmann, Anton Schmeddinghoff&nbsp;und Josef W\u00f6rmann.<br>Nach der probeweise Aufstellung im Hofe der Firma Schmeddinghoff, wurde der Bogen im August&nbsp;<strong>1928&nbsp;<\/strong>an dem bis heute beibehaltenen Standort errichtet.<\/p>\n\n\n\n<p>Zur Finanzierung wurde in der Zeit von September <strong>1927<\/strong> bis Januar <strong>1929<\/strong> eine monatliche Sammlung bei den Nachbarn durchgef\u00fchrt.<br>Durchschnittliches Ergebnis: 245,- Reichsmark. Weitere Finanzierungen durch G\u00f6nner in H\u00f6he von 1.000,- Reichsmark.<\/p>\n\n\n\n<p>April&nbsp;<strong>1928:<\/strong>&nbsp;Verkauf des alten Bogens zum Preis von 600,- Reichsmark, K\u00e4ufer nicht bekannt.<br>Oktober <strong>1928<\/strong> Aufnahme eines Darlehens in H\u00f6he von 1.000,- Reichsmark.<\/p>\n\n\n\n<p><strong>1933:<\/strong>&nbsp;Errichtung eines eigenen Geb\u00e4udes zur Lagerung des Bogens, Kosten: 712,- Reichsmark. Finanzierung u. a. durch&nbsp;zus\u00e4tzliche Sammlung.<\/p>\n\n\n\n<p><strong>1939:<\/strong> Letztmalige Aufstellung vor dem 2. Weltkrieg<\/p>\n\n\n\n<p>31. Juli&nbsp;<strong>1946: <\/strong>Erste Bogenversammlung nach Kriegsende. Ehrung der gefallenen und verstorbenen Nachbarn und Nachruf f\u00fcr den verstorbenen 1. Vorsitzenden Nachbar Wilhelm Hendker.<br>August&nbsp;<strong>1946<\/strong>: Erstmalige Aufstellung des Bogens nach 1939. Milit\u00e4rregierung hat die Illumination f\u00fcr einen Tag genehmigt. F\u00fcr die Beleuchtung mit Gas hatte die Bogengemeinschaft dem Gaswerk Kohlen zu liefern.<\/p>\n\n\n\n<p>Am 23. Juli&nbsp;<strong>1947<\/strong>&nbsp;fand eine Bogenversammlung mit 214 Nachbarinnen und Nachbarn statt.<\/p>\n\n\n\n<p>August&nbsp;<strong>1948:&nbsp;<\/strong>Abf\u00fchrung eines Betrages von 179,35 DM an die Caritas f\u00fcr Bed\u00fcrftige im Stadtgebiet.<br>22. November&nbsp;<strong>1948:<\/strong>&nbsp;Neuauflage des zuletzt im Jahre 1938 durchgef\u00fchrten Nachbarschaftsfest \u201eBogenball\u201c \u2013 bis heute beibehalten.<\/p>\n\n\n\n<p><strong>1952:<\/strong>&nbsp;Wegen der Ausbreitung der Kinderl\u00e4hmung kein Bogenaufbau, da Illumination vom Kreis untersagt wurde.<\/p>\n\n\n\n<p><strong>1954:<\/strong>&nbsp;Der Bogen wird impr\u00e4gniert sowie einige Teile des Bogens erneuert, Kosten der Impr\u00e4gnierung: 600,- DM<\/p>\n\n\n\n<p><strong>1958:&nbsp;<\/strong>Instandsetzung der Engel<\/p>\n\n\n\n<p><strong>1967<\/strong>: Wegen Umstellung auf Erdgas lediglich Anstrahlen durch Scheinwerfer. Zwecks Erzielung von Kosteneinsparungen Auf\u2013 und Abbau des Bogens mit eigenen Kr\u00e4ften.<\/p>\n\n\n\n<p><strong>1968:<\/strong>&nbsp;Nach langwierigen Erprobungen wieder Gasbeleuchtung durch Erdgas.<\/p>\n\n\n\n<p><strong>1972:<\/strong>&nbsp;Madonna und die Engel erhalten einen neuen Anstrich.<\/p>\n\n\n\n<p><strong>1973 \u2013 1975: <\/strong>Die vier S\u00e4ulen und die Mittels\u00e4ule werden \u00fcberholt<\/p>\n\n\n\n<p><strong>1979:<\/strong>&nbsp;Neuanfertigung der Madonna und des Strahlenkranzes aus Kunststoff.<\/p>\n\n\n\n<p><strong>1984 \/ 1985:<\/strong>&nbsp;Die Engel werden ebenfalls in Kunststoff neu erstellt.<\/p>\n\n\n\n<p><strong>1992 \/ 1993:<\/strong>&nbsp;Der Bogen wird renoviert und&nbsp;erh\u00e4lt einen neuen Anstrich<\/p>\n\n\n\n<p><strong>1996:<\/strong>&nbsp;\u00dcberholen und Neujustierung der Gasbeleuchtung<\/p>\n\n\n\n<p><strong>2005:<\/strong> Gasbeleuchtung wird neu.<br>Anl\u00e4sslich des Weltjugendtages in K\u00f6ln werden viele Jugendliche in Warendorf Station machen. Aus diesem Anlass&nbsp;findet unter dem Bogen der Oststra\u00dfe ein Messe statt.<\/p>\n\n\n\n<p><strong>2008:&nbsp;<\/strong>&nbsp;Der Bogen wird 80 Jahre.<br>Am Samstagabend feierliches Konzert (Ch\u00f6re von St. Laurentius &amp; St. Josef, der Gebrasa Kapelle aus Sassenberg und dem Gospelchor \u201eVoices Unlimited\u201c der Kolpingsfamilie aus Everswinkel) am Bogen.<br>Am Sonntagmorgen feierliche Ausschm\u00fcckung des Prozessionsweges vom Bogen bis zum Segensaltar.<br>Anschlie\u00dfend gemeinsames Fr\u00fchst\u00fcck aller Aktiven und Ehrung der ehemaligen&nbsp;Aktiven im evangelischen Gemeindehaus.<\/p>\n\n\n\n<p><strong>2018:<\/strong> Letzte gemeinsame Aktion der Bogengemeinschaft im &#8222;Geschwister-Schmeddinghoff-Haus&#8220; ist der traditionelle Gl\u00fchweinabend am 30. Dezember 2018.<br>Mit dem Verkauf des Hauses entf\u00e4llt f\u00fcr die Bogengemeinschaft k\u00fcnftig ein ans Herz gewachsener Veranstaltungs- und Lagerraum.<\/p>\n\n\n\n<p><strong>2020 \/ 2021:<\/strong> Aufgrund der Corona-Pandemie und der Minderung des Ansteckungsrisikos wird 2 Jahre in Folge kein Warendorfer Marienbogen aufgebaut.<\/p>\n\n\n\n<p><strong>2022:<\/strong> Im April ereilt die Bogengemeinschaft Oststra\u00dfe die traurige Nachricht des Todes unseres Ehrenvorsitzenden Dieter R\u00fcschenbeck, dem die letzte Ehre erwiesen wurde. Im August erlaubt die inzw. besser in den Griff bekommene Corona-Situation endlich wieder das Warendorfer Heimatfest Mari\u00e4 Himmelfahrt in traditioneller Form. Nach 2 Jahren ohne aufgebaute Marienb\u00f6gen in Warendorf freut sich auch unsere Bogengemeinschaft Ihren wundersch\u00f6nen Oststra\u00dfen-Bogen wieder &#8211; routiniert &#8211; aufzubauen. In der Woche nach Mari\u00e4 Himmelfahrt und eine Woche vor dem Abbau der Marienb\u00f6gen fand in der Warendorfer Innenstadt die &#8222;Warendorfer Weinreise&#8220; statt, bei der der Oststra\u00dfen-Bogen 2022 das diesj\u00e4hrige Sammel-Weinglas (als Eintrittskarte zu &#8222;WIWA la Vida&#8220;) zierte! Beim Fr\u00fchst\u00fcck nach dem Bogenabbau konnte den Mitgliedern der &#8222;Warendorfer Heimatpreis&#8220; pr\u00e4sentiert werden, der allen Warendorfer Bogengemeinschaften f\u00fcr ihr heimatliches Engagement verliehen wurde.<\/p>\n","protected":false},"excerpt":{"rendered":"<p>Geschichtliche Daten des Oststra\u00dfebogens und der Bogengemeinschaft Um&nbsp;1840: Errichtung eines Bogens mit zwei Pfeilern, die Illumination erfolgten mittels \u00d6llichtern und Bungen, sp\u00e4ter Umstellung auf Stadtgas. 1914: Letzter Aufbau vor dem 1. Weltkrieg 1919:&nbsp;Erste Illumination nach dem Krieg 1927:&nbsp;Die Bogenversammlung beschlie\u00dft<\/p>\n","protected":false},"author":9,"featured_media":0,"parent":0,"menu_order":0,"comment_status":"closed","ping_status":"closed","template":"","meta":{"footnotes":""},"class_list":["post-42","page","type-page","status-publish","hentry"],"_links":{"self":[{"href":"https:\/\/bogengemeinschaften.de\/oststrasse\/wp-json\/wp\/v2\/pages\/42","targetHints":{"allow":["GET"]}}],"collection":[{"href":"https:\/\/bogengemeinschaften.de\/oststrasse\/wp-json\/wp\/v2\/pages"}],"about":[{"href":"https:\/\/bogengemeinschaften.de\/oststrasse\/wp-json\/wp\/v2\/types\/page"}],"author":[{"embeddable":true,"href":"https:\/\/bogengemeinschaften.de\/oststrasse\/wp-json\/wp\/v2\/users\/9"}],"replies":[{"embeddable":true,"href":"https:\/\/bogengemeinschaften.de\/oststrasse\/wp-json\/wp\/v2\/comments?post=42"}],"version-history":[{"count":12,"href":"https:\/\/bogengemeinschaften.de\/oststrasse\/wp-json\/wp\/v2\/pages\/42\/revisions"}],"predecessor-version":[{"id":256,"href":"https:\/\/bogengemeinschaften.de\/oststrasse\/wp-json\/wp\/v2\/pages\/42\/revisions\/256"}],"wp:attachment":[{"href":"https:\/\/bogengemeinschaften.de\/oststrasse\/wp-json\/wp\/v2\/media?parent=42"}],"curies":[{"name":"wp","href":"https:\/\/api.w.org\/{rel}","templated":true}]}}