{"id":37,"date":"2018-01-06T23:08:40","date_gmt":"2018-01-06T22:08:40","guid":{"rendered":"https:\/\/bogengemeinschaften.de\/freckenhorster\/?page_id=37"},"modified":"2024-05-09T11:55:23","modified_gmt":"2024-05-09T09:55:23","slug":"der-verein","status":"publish","type":"page","link":"https:\/\/bogengemeinschaften.de\/oststrasse\/der-verein\/","title":{"rendered":"Verein, Satzung und Vorstand"},"content":{"rendered":"\n<p>Der Verein der Bogengemeinschaft besteht haupts\u00e4chlich aus direkten Nachbarn des Bogenstandortes und Anwohnern der Oststra\u00dfe, hat aber auch Freunde und Mitglieder aus dem ganzen Stadtgebiet Warendorfs. Dabei tragen die M\u00e4nner den Bogen sozusagen \u201eauf den Schultern\u201c und die Frauen sorgen dankenswerterweise f\u00fcr das daf\u00fcr zwingend n\u00f6tige leibliche Wohl und bereiten das Fr\u00fchst\u00fcck vor. Einfach perfekte Teamarbeit!<\/p>\n\n\n\n<h2 class=\"wp-block-heading\">Der bei der Bogenversammlung 2024 gew\u00e4hlte Vorstand der Bogengemeinschaft Oststra\u00dfe:<\/h2>\n\n\n\n<figure class=\"wp-block-image size-large\"><img loading=\"lazy\" decoding=\"async\" width=\"1024\" height=\"768\" src=\"https:\/\/bogengemeinschaften.de\/oststrasse\/wp-content\/uploads\/sites\/9\/2024\/05\/Vorstandsfoto_JHV-2024-1024x768.jpg\" alt=\"\" class=\"wp-image-296\" srcset=\"https:\/\/bogengemeinschaften.de\/oststrasse\/wp-content\/uploads\/sites\/9\/2024\/05\/Vorstandsfoto_JHV-2024-1024x768.jpg 1024w, https:\/\/bogengemeinschaften.de\/oststrasse\/wp-content\/uploads\/sites\/9\/2024\/05\/Vorstandsfoto_JHV-2024-300x225.jpg 300w, https:\/\/bogengemeinschaften.de\/oststrasse\/wp-content\/uploads\/sites\/9\/2024\/05\/Vorstandsfoto_JHV-2024-768x576.jpg 768w, https:\/\/bogengemeinschaften.de\/oststrasse\/wp-content\/uploads\/sites\/9\/2024\/05\/Vorstandsfoto_JHV-2024-1536x1152.jpg 1536w, https:\/\/bogengemeinschaften.de\/oststrasse\/wp-content\/uploads\/sites\/9\/2024\/05\/Vorstandsfoto_JHV-2024-2048x1536.jpg 2048w\" sizes=\"auto, (max-width: 1024px) 100vw, 1024px\" \/><figcaption class=\"wp-element-caption\">Der bei der Bogenversammlung am 26.04.2024 wiedergew\u00e4hlte Vorstand:<br>v. l. n. r.: Andreas Kuhlmeier, Paul Buxbaum, Dieter Nissen, Oliver Prinz, Eileen Hagemeyer und Frank Erpenbeck (es fehlt Lukas T\u00fcnte)<\/figcaption><\/figure>\n\n\n\n<h2 class=\"wp-block-heading\">Die Satzung unserer Bogengemeinschaft Oststra\u00dfe:<\/h2>\n\n\n\n<hr class=\"wp-block-separator has-css-opacity\" \/>\n\n\n\n<div class=\"wp-block-file aligncenter\"><a id=\"wp-block-file--media-c27e2ad0-4d19-498d-aa5a-de8d6708207c\" href=\"https:\/\/bogengemeinschaften.de\/oststrasse\/wp-content\/uploads\/sites\/9\/2019\/11\/Bogengemeinschaft-Oststrasse_Vereins-Satzung.pdf\">Satzung der Bogengemeinschaft Oststra\u00dfe vom 04. Oktober 1993<\/a><a href=\"https:\/\/bogengemeinschaften.de\/oststrasse\/wp-content\/uploads\/sites\/9\/2019\/11\/Bogengemeinschaft-Oststrasse_Vereins-Satzung.pdf\" class=\"wp-block-file__button wp-element-button\" download aria-describedby=\"wp-block-file--media-c27e2ad0-4d19-498d-aa5a-de8d6708207c\">Herunterladen<\/a><\/div>\n\n\n\n<hr class=\"wp-block-separator has-css-opacity\" \/>\n\n\n<p><u>Die derzeitigen Vorstandsposten des gew\u00e4hlte Vorstands der Bogengemeinschaft Oststra\u00dfe:<\/u><\/p>\n\n<table id=\"tablepress-1\" class=\"tablepress tablepress-id-1\">\n<tbody class=\"row-striping row-hover\">\n<tr class=\"row-1\">\n\t<td class=\"column-1\">1. Vorsitzender<\/td><td class=\"column-2\">Andreas Kuhlmeier<\/td>\n<\/tr>\n<tr class=\"row-2\">\n\t<td class=\"column-1\">2. Vorsitzender<\/td><td class=\"column-2\">Paul Buxbaum<\/td>\n<\/tr>\n<tr class=\"row-3\">\n\t<td class=\"column-1\">Kassenwart\/Schatzmeister<\/td><td class=\"column-2\">Frank Erpenbeck<\/td>\n<\/tr>\n<tr class=\"row-4\">\n\t<td class=\"column-1\">Bogenwart-Team<\/td><td class=\"column-2\">Christoph Kuhlmeier<br \/>\nDaniel Hagemeyer<br \/>\nHeiko Lohmann<\/td>\n<\/tr>\n<tr class=\"row-5\">\n\t<td class=\"column-1\">Schriftf\u00fchrerin<\/td><td class=\"column-2\">Eileen Hagemeyer<\/td>\n<\/tr>\n<tr class=\"row-6\">\n\t<td class=\"column-1\">stellv. Schriftf\u00fchrer<\/td><td class=\"column-2\">Oliver Prinz<\/td>\n<\/tr>\n<tr class=\"row-7\">\n\t<td class=\"column-1\">Beisitzer<\/td><td class=\"column-2\">Dieter Nissen<br \/>\nLukas T\u00fcnte<\/td>\n<\/tr>\n<\/tbody>\n<\/table>\n<!-- #tablepress-1 from cache -->","protected":false},"excerpt":{"rendered":"<p>Der Verein der Bogengemeinschaft besteht haupts\u00e4chlich aus direkten Nachbarn des Bogenstandortes und Anwohnern der Oststra\u00dfe, hat aber auch Freunde und Mitglieder aus dem ganzen Stadtgebiet Warendorfs. Dabei tragen die M\u00e4nner den Bogen sozusagen \u201eauf den Schultern\u201c und die Frauen sorgen<\/p>\n","protected":false},"author":9,"featured_media":0,"parent":0,"menu_order":0,"comment_status":"closed","ping_status":"closed","template":"","meta":{"footnotes":""},"class_list":["post-37","page","type-page","status-publish","hentry"],"_links":{"self":[{"href":"https:\/\/bogengemeinschaften.de\/oststrasse\/wp-json\/wp\/v2\/pages\/37","targetHints":{"allow":["GET"]}}],"collection":[{"href":"https:\/\/bogengemeinschaften.de\/oststrasse\/wp-json\/wp\/v2\/pages"}],"about":[{"href":"https:\/\/bogengemeinschaften.de\/oststrasse\/wp-json\/wp\/v2\/types\/page"}],"author":[{"embeddable":true,"href":"https:\/\/bogengemeinschaften.de\/oststrasse\/wp-json\/wp\/v2\/users\/9"}],"replies":[{"embeddable":true,"href":"https:\/\/bogengemeinschaften.de\/oststrasse\/wp-json\/wp\/v2\/comments?post=37"}],"version-history":[{"count":15,"href":"https:\/\/bogengemeinschaften.de\/oststrasse\/wp-json\/wp\/v2\/pages\/37\/revisions"}],"predecessor-version":[{"id":300,"href":"https:\/\/bogengemeinschaften.de\/oststrasse\/wp-json\/wp\/v2\/pages\/37\/revisions\/300"}],"wp:attachment":[{"href":"https:\/\/bogengemeinschaften.de\/oststrasse\/wp-json\/wp\/v2\/media?parent=37"}],"curies":[{"name":"wp","href":"https:\/\/api.w.org\/{rel}","templated":true}]}}