{"id":137,"date":"2018-08-18T13:27:47","date_gmt":"2018-08-18T11:27:47","guid":{"rendered":"https:\/\/bogengemeinschaften.de\/oststrasse\/?page_id=137"},"modified":"2019-12-08T15:06:39","modified_gmt":"2019-12-08T14:06:39","slug":"segensaltar","status":"publish","type":"page","link":"https:\/\/bogengemeinschaften.de\/oststrasse\/segensaltar\/","title":{"rendered":"Segensaltar"},"content":{"rendered":"<p>Zur Tradition des Warendorfer Heimatfestes Mari\u00e4 Himmelfahrt geh\u00f6rt, nach dem Festhochamt am Sonntag in der Laurentiuskirche, die gro\u00dfe Stadtprozession durch die Marienb\u00f6gen. Die Stadtprozession f\u00fchrt an Segensalt\u00e4ren vorbei, wovon einer in der Obhut der Bogengemeinschaft Oststra\u00dfe liegt. Wenn die Stadtprozession in der Oststra\u00dfen-Kurve den Oststra\u00dfen-Bogen durchlaufen hat, wird unser Segensaltar sichtbar und ist das n\u00e4chste Ziel der Prozession.<\/p>\n<p>Unsere Bogengemeinschaft hat Anfang der 90er-Jahre die Aufgabe \u00fcbernommen und stellt ein Aufbauteam. Die Einlagerung und Pflege des Segensaltars wird ebenso von unserer Bogengemeinschaft geleistet. Im Sommer 2018 hat unsere Bogengemeinschaft den Segensaltar grundrestauriert, da neben einigen kleinen Alterserscheinungen auch der Holzwurm bek\u00e4mpft werden musste.<\/p>\n<p>Am 18. August 2018 berichtete die Glocke wie folgt:<\/p>\n<figure id=\"attachment_145\"><a href=\"https:\/\/bogengemeinschaften.de\/oststrasse\/wp-content\/uploads\/sites\/9\/2018\/08\/Oststrasse_Segensaltar-Grundsanierung_Presseartikel_18-08-2018_DieGlocke.jpg\"><img loading=\"lazy\" decoding=\"async\" class=\"wp-image-145 size-large\" src=\"https:\/\/bogengemeinschaften.de\/oststrasse\/wp-content\/uploads\/sites\/9\/2018\/08\/Oststrasse_Segensaltar-Grundsanierung_Presseartikel_18-08-2018_DieGlocke-1024x675.jpg\" alt=\"\" width=\"750\" height=\"494\" srcset=\"https:\/\/bogengemeinschaften.de\/oststrasse\/wp-content\/uploads\/sites\/9\/2018\/08\/Oststrasse_Segensaltar-Grundsanierung_Presseartikel_18-08-2018_DieGlocke-1024x675.jpg 1024w, https:\/\/bogengemeinschaften.de\/oststrasse\/wp-content\/uploads\/sites\/9\/2018\/08\/Oststrasse_Segensaltar-Grundsanierung_Presseartikel_18-08-2018_DieGlocke-300x198.jpg 300w, https:\/\/bogengemeinschaften.de\/oststrasse\/wp-content\/uploads\/sites\/9\/2018\/08\/Oststrasse_Segensaltar-Grundsanierung_Presseartikel_18-08-2018_DieGlocke-768x506.jpg 768w, https:\/\/bogengemeinschaften.de\/oststrasse\/wp-content\/uploads\/sites\/9\/2018\/08\/Oststrasse_Segensaltar-Grundsanierung_Presseartikel_18-08-2018_DieGlocke.jpg 1395w\" sizes=\"auto, (max-width: 750px) 100vw, 750px\" \/><\/a><\/figure>\n<figure>Presseartikel aus der Wochenendausgabe der Glocke vom 18. August 2018 \u00fcber die Restaurierung des Segensaltars an der Oststra\u00dfe<\/figure>\n<p>Hier einige Impressionen zum Segensaltar an der Oststra\u00dfe:<\/p>\n<figure id=\"attachment_140\"><a href=\"https:\/\/bogengemeinschaften.de\/oststrasse\/wp-content\/uploads\/sites\/9\/2018\/08\/Oststrasse_Segensaltar_01.jpg\"><img loading=\"lazy\" decoding=\"async\" class=\"wp-image-140 size-full\" src=\"https:\/\/bogengemeinschaften.de\/oststrasse\/wp-content\/uploads\/sites\/9\/2018\/08\/Oststrasse_Segensaltar_01.jpg\" alt=\"\" width=\"511\" height=\"768\" srcset=\"https:\/\/bogengemeinschaften.de\/oststrasse\/wp-content\/uploads\/sites\/9\/2018\/08\/Oststrasse_Segensaltar_01.jpg 511w, https:\/\/bogengemeinschaften.de\/oststrasse\/wp-content\/uploads\/sites\/9\/2018\/08\/Oststrasse_Segensaltar_01-200x300.jpg 200w\" sizes=\"auto, (max-width: 511px) 100vw, 511px\" \/><\/a><\/figure>\n<figure>Blick auf den Segensaltar von der Oststra\u00dfe in Richtung Osttor (Ecke Br\u00fcnebrede)<\/figure>\n<figure><\/figure>\n<figure id=\"attachment_139\"><a href=\"https:\/\/bogengemeinschaften.de\/oststrasse\/wp-content\/uploads\/sites\/9\/2018\/08\/Oststrasse_Segensaltar_02.jpg\"><img loading=\"lazy\" decoding=\"async\" class=\"wp-image-139 size-large\" src=\"https:\/\/bogengemeinschaften.de\/oststrasse\/wp-content\/uploads\/sites\/9\/2018\/08\/Oststrasse_Segensaltar_02-1024x682.jpg\" alt=\"\" width=\"750\" height=\"500\" srcset=\"https:\/\/bogengemeinschaften.de\/oststrasse\/wp-content\/uploads\/sites\/9\/2018\/08\/Oststrasse_Segensaltar_02.jpg 1024w, https:\/\/bogengemeinschaften.de\/oststrasse\/wp-content\/uploads\/sites\/9\/2018\/08\/Oststrasse_Segensaltar_02-300x200.jpg 300w, https:\/\/bogengemeinschaften.de\/oststrasse\/wp-content\/uploads\/sites\/9\/2018\/08\/Oststrasse_Segensaltar_02-768x512.jpg 768w\" sizes=\"auto, (max-width: 750px) 100vw, 750px\" \/><\/a><\/figure>\n<figure>Oststra\u00dfen-Segensaltar aus Sicht der Br\u00fcnebrede in Blickrichtung Osttor mit dem &#8222;Blumen-Partner&#8220; Fa. Karl Pelster.<\/figure>\n","protected":false},"excerpt":{"rendered":"<p>Zur Tradition des Warendorfer Heimatfestes Mari\u00e4 Himmelfahrt geh\u00f6rt, nach dem Festhochamt am Sonntag in der Laurentiuskirche, die gro\u00dfe Stadtprozession durch die Marienb\u00f6gen. Die Stadtprozession f\u00fchrt an Segensalt\u00e4ren vorbei, wovon einer in der Obhut der Bogengemeinschaft Oststra\u00dfe liegt. Wenn die Stadtprozession<\/p>\n","protected":false},"author":9,"featured_media":0,"parent":0,"menu_order":0,"comment_status":"closed","ping_status":"closed","template":"","meta":{"footnotes":""},"class_list":["post-137","page","type-page","status-publish","hentry"],"_links":{"self":[{"href":"https:\/\/bogengemeinschaften.de\/oststrasse\/wp-json\/wp\/v2\/pages\/137","targetHints":{"allow":["GET"]}}],"collection":[{"href":"https:\/\/bogengemeinschaften.de\/oststrasse\/wp-json\/wp\/v2\/pages"}],"about":[{"href":"https:\/\/bogengemeinschaften.de\/oststrasse\/wp-json\/wp\/v2\/types\/page"}],"author":[{"embeddable":true,"href":"https:\/\/bogengemeinschaften.de\/oststrasse\/wp-json\/wp\/v2\/users\/9"}],"replies":[{"embeddable":true,"href":"https:\/\/bogengemeinschaften.de\/oststrasse\/wp-json\/wp\/v2\/comments?post=137"}],"version-history":[{"count":7,"href":"https:\/\/bogengemeinschaften.de\/oststrasse\/wp-json\/wp\/v2\/pages\/137\/revisions"}],"predecessor-version":[{"id":179,"href":"https:\/\/bogengemeinschaften.de\/oststrasse\/wp-json\/wp\/v2\/pages\/137\/revisions\/179"}],"wp:attachment":[{"href":"https:\/\/bogengemeinschaften.de\/oststrasse\/wp-json\/wp\/v2\/media?parent=137"}],"curies":[{"name":"wp","href":"https:\/\/api.w.org\/{rel}","templated":true}]}}