{"id":118,"date":"2018-05-26T14:40:51","date_gmt":"2018-05-26T12:40:51","guid":{"rendered":"https:\/\/bogengemeinschaften.de\/oststrasse\/?page_id=118"},"modified":"2022-05-15T22:13:31","modified_gmt":"2022-05-15T20:13:31","slug":"kuechenteam","status":"publish","type":"page","link":"https:\/\/bogengemeinschaften.de\/oststrasse\/kuechenteam\/","title":{"rendered":"K\u00fcchenteam"},"content":{"rendered":"<figure id=\"attachment_121\" aria-describedby=\"caption-attachment-121\" style=\"width: 800px\" class=\"wp-caption aligncenter\"><img loading=\"lazy\" decoding=\"async\" class=\"size-full wp-image-121\" src=\"https:\/\/bogengemeinschaften.de\/oststrasse\/wp-content\/uploads\/sites\/9\/2018\/05\/Kuechenteam_Bogengemeinschaft-Oststrasse_2018.jpg\" alt=\"\" width=\"800\" height=\"467\" srcset=\"https:\/\/bogengemeinschaften.de\/oststrasse\/wp-content\/uploads\/sites\/9\/2018\/05\/Kuechenteam_Bogengemeinschaft-Oststrasse_2018.jpg 800w, https:\/\/bogengemeinschaften.de\/oststrasse\/wp-content\/uploads\/sites\/9\/2018\/05\/Kuechenteam_Bogengemeinschaft-Oststrasse_2018-300x175.jpg 300w, https:\/\/bogengemeinschaften.de\/oststrasse\/wp-content\/uploads\/sites\/9\/2018\/05\/Kuechenteam_Bogengemeinschaft-Oststrasse_2018-768x448.jpg 768w\" sizes=\"auto, (max-width: 800px) 100vw, 800px\" \/><figcaption id=\"caption-attachment-121\" class=\"wp-caption-text\">Das K\u00fcchenteam unserer Bogengemeinschaft pr\u00e4sentiert die neuen Sch\u00fcrzen, die 2018 \u00fcber die Warendorfer B\u00fcrgerstiftung gesponsert wurden (rechts im Bild Georg Drees von der B\u00fcrgerstiftung).<\/figcaption><\/figure>\n<p>Eine Besonderheit unserer Oststra\u00dfen-Bogengemeinschaft ist das &#8222;K\u00fcchenteam&#8220;. Dahinter verbergen sich agile Damen (sowie unser 1. Vorsitzender, wie auch der Kassenwart) unserer Bogengemeinschaft, die das perfekte Pendant zu den m\u00e4nnlichen Bogenaufbauern bilden! Sie bereiten nicht nur ein k\u00f6stliches Fr\u00fchst\u00fcck beim Bogenauf- und -abbau, sondern engagieren sich auch sonst bei verschiedensten Veranstaltungen (die bis 2018 im Geschwister-Schmeddinghoff-Haus an der Oststra\u00dfe stattfanden) &#8211; nicht nur f\u00fcr die Bogengemeinschaft, sondern auch dar\u00fcber hinaus. Soziales und lokales Engagement wird beim K\u00fcchenteam gro\u00dfgeschrieben. So unterst\u00fctzen sie mit der Zubereitung eines leckeren und reichhaltigen Fr\u00fchst\u00fccksb\u00fcffets u. a. auch die Warendorfer B\u00fcrgerstiftung beim regelm\u00e4\u00dfig stattfindenden &#8222;<a href=\"http:\/\/www.buergerstiftung-warendorf.de\/lts_projekte-aktionen\/akt_projekte\/pro_fruehstueck\/\" target=\"_blank\" rel=\"noopener noreferrer\">Neub\u00fcrgerfr\u00fchst\u00fcck<\/a>&#8222;.<\/p>\n\n\n<p><\/p>\n","protected":false},"excerpt":{"rendered":"<p>Eine Besonderheit unserer Oststra\u00dfen-Bogengemeinschaft ist das &#8222;K\u00fcchenteam&#8220;. Dahinter verbergen sich agile Damen (sowie unser 1. Vorsitzender, wie auch der Kassenwart) unserer Bogengemeinschaft, die das perfekte Pendant zu den m\u00e4nnlichen Bogenaufbauern bilden! Sie bereiten nicht nur ein k\u00f6stliches Fr\u00fchst\u00fcck beim Bogenauf-<\/p>\n","protected":false},"author":9,"featured_media":0,"parent":0,"menu_order":0,"comment_status":"closed","ping_status":"closed","template":"","meta":{"footnotes":""},"class_list":["post-118","page","type-page","status-publish","hentry"],"_links":{"self":[{"href":"https:\/\/bogengemeinschaften.de\/oststrasse\/wp-json\/wp\/v2\/pages\/118","targetHints":{"allow":["GET"]}}],"collection":[{"href":"https:\/\/bogengemeinschaften.de\/oststrasse\/wp-json\/wp\/v2\/pages"}],"about":[{"href":"https:\/\/bogengemeinschaften.de\/oststrasse\/wp-json\/wp\/v2\/types\/page"}],"author":[{"embeddable":true,"href":"https:\/\/bogengemeinschaften.de\/oststrasse\/wp-json\/wp\/v2\/users\/9"}],"replies":[{"embeddable":true,"href":"https:\/\/bogengemeinschaften.de\/oststrasse\/wp-json\/wp\/v2\/comments?post=118"}],"version-history":[{"count":6,"href":"https:\/\/bogengemeinschaften.de\/oststrasse\/wp-json\/wp\/v2\/pages\/118\/revisions"}],"predecessor-version":[{"id":247,"href":"https:\/\/bogengemeinschaften.de\/oststrasse\/wp-json\/wp\/v2\/pages\/118\/revisions\/247"}],"wp:attachment":[{"href":"https:\/\/bogengemeinschaften.de\/oststrasse\/wp-json\/wp\/v2\/media?parent=118"}],"curies":[{"name":"wp","href":"https:\/\/api.w.org\/{rel}","templated":true}]}}