{"id":37,"date":"2018-01-06T23:08:40","date_gmt":"2018-01-06T22:08:40","guid":{"rendered":"https:\/\/bogengemeinschaften.de\/freckenhorster\/?page_id=37"},"modified":"2018-01-14T01:03:50","modified_gmt":"2018-01-14T00:03:50","slug":"der-verein","status":"publish","type":"page","link":"https:\/\/bogengemeinschaften.de\/oberebb\/der-verein\/","title":{"rendered":"Der Verein"},"content":{"rendered":"<h2>Chronik 2006<\/h2>\n<p>Zu Beginn des Bogenjahres 2006 fand bei dem Vorsitzenden Ralf Sawukaytis am 22. M\u00e4rz eine Vorstandsversammlung statt.<br \/>\nAlle Vorstandsmitglieder waren anwesend.<br \/>\nEs wurden die Termine f\u00fcr das Jahr 2006 besprochen und festgelegt.<br \/>\nDie einzelnen Aufgaben wurden verteilt.<br \/>\n\u00dcber die Kassenpr\u00fcfer wurde diskutiert. Die Kassenpr\u00fcfer sollen alle zwei Jahre neu bestimmt werden. Sie sollten Mitglied der Bogengemeinschaft sein, d\u00fcrfen aber nicht dem Bogenvorstand angeh\u00f6ren.<br \/>\nIm Jahre 2006 werden Inge Feidieker und Petra v. B\u00fcnau die Kasse pr\u00fcfen.<\/p>\n<p>Die Beitr\u00e4ge der Mitglieder wurden im M\u00e4rz 2006 abgebucht.<\/p>\n<p>Auch wurde schon zum September ein Ausflug geplant. Doch die Einzelheiten sollen sp\u00e4ter bekanntgegeben werden.<\/p>\n<p>Zur Jahreshauptversammlung am 09. Mai 2006 in der Gastst\u00e4tte Wiese gab Ralf Sawukaytis Informationen \u00fcber die Versammlung aller Bogenvorst\u00e4nde im M\u00e4rz und April 2006.<br \/>\nEs ging um den Auf- und Abbau der Marien b\u00f6gen sowie R\u00fcckblicke auf das letzte Jahr, und auch eine Vorschau auf das Jahr 2006.<br \/>\nEs wurde zun\u00e4chst f\u00fcr August 2006 wieder ein Bogenritt geplant. Dieser wurde dann in der Versammlung im April aber aus organisatorischen, finanziellen und personellen Gr\u00fcnden wieder abgesagt (s. Zeitungsbericht!).<br \/>\nDer Bogenritt soll erst wieder in zwei Jahren stattfinden.<br \/>\nEs wurde beschlossen, einen Gottesdienst oder eine Andacht unter einem Bogen am Samstag vor dem Fest auszurichten. Das soll im Wechsel mit dem Bogenritt stattfinden. Man habe gute Erfahrungen gesammelt mit dem abendlichen Gottesdienst unter dem Bogen der Oststra\u00dfe zum Weltjugendtag.<\/p>\n<p>Im Jahre 2007 w\u00fcrde der Heumarktbogen den Anfang machen und den Gottesdienst ausrichten. Dieses wird dann alle zwei Jahre am Samstag vor dem Fest unter einem anderen Bogen stattfinden.<\/p>\n<p>Ralf Sawukaytis stellte ein Bild vor, das alle Ehrenb\u00f6gen zeigt und zu einem Kaufpreis von 25 Euro zu erwerben ist. Es hat auch schon einige Abnehmer gefunden.<\/p>\n<p>Der Kassenbericht konnte von dem Kassenwart Michael Feidieker nicht pers\u00f6nlich vorgelegt werden, da er beruflich verhindert war. Der Kassenbericht wurde somit von dem Vorsitzenden Ralf Sawukaytis dargelegt.<br \/>\nZuvor war die Kasse von Inge Feidieker und Petra v. B\u00fcnau gepr\u00fcft und f\u00fcr in Ordnung befunden worden.<br \/>\nDie Anwesenden haben Entlastung erteilt.<br \/>\nEine \u00c4nderung gab es bei den Kassenpr\u00fcfern: Inge Feidieker gibt das Amt ab und daf\u00fcr wird Thomas Middendorf neu dazugew\u00e4hlt. Er nimmt das Amt des Kassenpr\u00fcfers an.<\/p>\n<p>Am 07. Mai 2006 feierte unser Ehrenpr\u00e4ses Helmuth Feidieker die Goldhochzeit!<br \/>\nF\u00fcr das Goldpaar Helmuth und Anni Feidieker wurde vom Bogenvorstand ein Blumenstrau\u00df \u00fcberreicht.<\/p>\n<p>Der Juli 2006 war sehr hei\u00df. Wir erreichten Temperaturen zwischen 30 \u2013 35 Grad, daher war das Sammeln f\u00fcr das Heimatfest sehr anstrengend, doch das Ergebnis war zufriedenstellend.<\/p>\n<p>Im August 2006 fand im Rathaus eine Ausstellung unter dem Thema im<br \/>\n\u201eZeichen der Verehrung\u201c statt.<br \/>\nZu dieser Ausstellung haben Vertreter der Bogengemeinschaften auch ein<br \/>\nBogenmodell zur Verf\u00fcgung gestellt. Es zeigt den Ur-Bogen und alte Schriften auf einer Pyramide. Es war eine Bereicherung der Ausstellung.<\/p>\n<p>Nachdem der Juli alle Rekorde gebrochen hatte und es sehr hei\u00df war mit reichlich Sonnenschein bis \u00fcber 30 Grad, war das Wetter im August leider ziemlich durchwachsen mit viel Regen, so dass bei den Bogenvorbereitungen am Freitag, den 11.08.2006 abends wieder heftige Regenschauer die Arbeit der flei\u00dfigen Helfer beeinflussten. Der Bogen wurde somit nicht von den Frauen gereinigt, wie sonst in den Vorjahren \u00fcblich.<br \/>\nNachdem alle Bogenteile zum Aufbau bereitgelegt waren, gab es f\u00fcr alle Helfer einen gem\u00fctlichen Abschlu\u00df mit Grillfleisch und W\u00fcrstchen, sowie selbstgemachten Salaten.<br \/>\nIn diesem Jahr konnte Udo Rudolph aus gesundheitlichen Gr\u00fcnden das Grillen leider nicht \u00fcbernehmen. Er wurde von Andreas Br\u00fcggemann vertreten!<\/p>\n<p>Am Samstagmorgen, den 12.08.2006 konnte der Bogen nach anf\u00e4nglichem Nieselregen doch noch trocken aufgebaut werden.<br \/>\nEs hatten sich viele, auch j\u00fcngere Helfer eingefunden, die flei\u00dfig mitmachten.<\/p>\n<p>Nach dem gemeinsamen Fr\u00fchst\u00fcck wurden die Feinarbeiten, wie die Elektrik usw., am Bogen fortgesetzt.<br \/>\nAuch wurden schon die Wimpelketten aufgeh\u00e4ngt. Da gab es etwas Verz\u00f6gerungen, weil die einzelnen F\u00e4hnchen ihre Etiketten verloren hatten und somit jede einzelne Wimpelkette neu angepasst werden musste. F\u00fcr das neue Jahre wurden dann Fotos gemacht. Das wird das Aufh\u00e4ngen der F\u00e4hnchen erleichtern.<\/p>\n<p>Nach dem gemeinsamen Mittagessen (Restsalate u. Fleisch vom Vorabend) waren die Hauptarbeiten am Bogen abgeschlossen und man trennte sich bis Freitagabend, den 18.08.2006 zur Ausschm\u00fcckung des Bogens mit Blumen und zur Ausleuchtung. \u2013 Die Blumen hatten leider durch das Wetter viel gelitten und ihre sch\u00f6ne Bl\u00fctenpracht von Juli verloren, aber daran ist leider nichts zu \u00e4ndern.<\/p>\n<p>Am Illumationsabend war das Wetter wieder gut und es waren viele Leute in der Stadt. Auch unsere Sendenhorster Kapelle spielte wieder sehr gut und bekam daf\u00fcr auch viel Beifall.<\/p>\n<p>Zur Prozession am Sonntagmorgen war es ziemlich windig und die vielen sch\u00f6nen Blumenvasen fielen \u00f6fter um. \u2013<br \/>\nSonst verlief das Fest gut und zum Bogenabbau am 25.\/26.08.2006 gab es keine St\u00f6rungen, so dass der Bogen wieder ordnungsgem\u00e4\u00df gelagert werden konnte.<\/p>\n<p>Am 09. September 2006 fand der Bogenausflug statt.<br \/>\nWir trafen uns alle am Samstag auf dem Marktplatz in Warendorf.<br \/>\nDort gab es bei Cafe Sch\u00fctte erst einmal Kaffee und Kuchen im Freien.<br \/>\nEs wurde zu diesem Ausflug festes Schuhwerk und eine wetterfeste Jacke empfohlen, denn es sollte ein \u201eWandertag\u201c werden.<br \/>\nNachdem wir uns alle gest\u00e4rkt hatten, ging es mit dem Bus nach Bad Iburg.<br \/>\nDort erwartete uns ein F\u00fchrer, der uns die Burg erkl\u00e4rte und uns durch die einzelnen R\u00e4ume f\u00fchrte.<br \/>\nSp\u00e4ter f\u00fchrte uns der Weg durch den Wald \u00fcber den Hermannsweg zur<br \/>\nWaldwirtschaft \u201eMalepartus\u201c bei Lienen. Es war ein anstrengender Wanderweg, aber im Lokal erwartete uns ein leckeres Abendbrot. Wir machten uns einige vergn\u00fcgliche Stunden bis uns der Bus sp\u00e4ter dann zur\u00fcck nach Warendorf brachte.<\/p>\n<p>Am 30. September 2006 gab es noch eine Bogenhochzeit. Thomas Middendorf und Anke Hellmann gaben sich in der Laurentiuskirche Warendorf das<br \/>\n\u201eJa-Wort\u201c.<\/p>\n<p>So ging das Bogenjahr 2006 zu Ende.<\/p>\n<p>Allen flei\u00dfigen Helfern ein dickes Dankesch\u00f6n und f\u00fcr das neue Bogenjahr 2007 w\u00fcnschen wir uns alle gutes Gelingen und viel Erfolg.<\/p>\n","protected":false},"excerpt":{"rendered":"<p>Chronik 2006 Zu Beginn des Bogenjahres 2006 fand bei dem Vorsitzenden Ralf Sawukaytis am 22. M\u00e4rz eine Vorstandsversammlung statt. Alle Vorstandsmitglieder waren anwesend. Es wurden die Termine f\u00fcr das Jahr 2006 besprochen und festgelegt. Die einzelnen Aufgaben wurden verteilt. \u00dcber<\/p>\n","protected":false},"author":8,"featured_media":0,"parent":0,"menu_order":0,"comment_status":"closed","ping_status":"closed","template":"","meta":{"footnotes":""},"class_list":["post-37","page","type-page","status-publish","hentry"],"_links":{"self":[{"href":"https:\/\/bogengemeinschaften.de\/oberebb\/wp-json\/wp\/v2\/pages\/37","targetHints":{"allow":["GET"]}}],"collection":[{"href":"https:\/\/bogengemeinschaften.de\/oberebb\/wp-json\/wp\/v2\/pages"}],"about":[{"href":"https:\/\/bogengemeinschaften.de\/oberebb\/wp-json\/wp\/v2\/types\/page"}],"author":[{"embeddable":true,"href":"https:\/\/bogengemeinschaften.de\/oberebb\/wp-json\/wp\/v2\/users\/8"}],"replies":[{"embeddable":true,"href":"https:\/\/bogengemeinschaften.de\/oberebb\/wp-json\/wp\/v2\/comments?post=37"}],"version-history":[{"count":1,"href":"https:\/\/bogengemeinschaften.de\/oberebb\/wp-json\/wp\/v2\/pages\/37\/revisions"}],"predecessor-version":[{"id":60,"href":"https:\/\/bogengemeinschaften.de\/oberebb\/wp-json\/wp\/v2\/pages\/37\/revisions\/60"}],"wp:attachment":[{"href":"https:\/\/bogengemeinschaften.de\/oberebb\/wp-json\/wp\/v2\/media?parent=37"}],"curies":[{"name":"wp","href":"https:\/\/api.w.org\/{rel}","templated":true}]}}