{"id":46,"date":"2018-01-06T23:24:53","date_gmt":"2018-01-06T22:24:53","guid":{"rendered":"https:\/\/bogengemeinschaften.de\/freckenhorster\/?page_id=46"},"modified":"2018-03-29T15:54:47","modified_gmt":"2018-03-29T13:54:47","slug":"willkommen","status":"publish","type":"page","link":"https:\/\/bogengemeinschaften.de\/muensterstrasse\/","title":{"rendered":"Willkommen"},"content":{"rendered":"<h2>Willkommen bei der Bogengemeinschaft M\u00fcnsterstra\u00dfe<\/h2>\n<p>Der Bogen der Bogengemeinschaft M\u00fcnsterstra\u00dfe\/M\u00fcnstertor findet sich zwischen den Gesch\u00e4ftsgeb\u00e4uden &#8222;Intersport Kuschinski&#8220; und &#8222;Modehaus C&amp;A&#8220; auf der M\u00fcnsterstra\u00dfe in Warendorfs Innenstadt wieder. W\u00e4hlen Sie einfach einen Men\u00fcpunkt aus, um mehr \u00fcber die Bogengemeinschaft und deren Mitglieder zu erfahren.<\/p>\n","protected":false},"excerpt":{"rendered":"<p>Willkommen bei der Bogengemeinschaft M\u00fcnsterstra\u00dfe Der Bogen der Bogengemeinschaft M\u00fcnsterstra\u00dfe\/M\u00fcnstertor findet sich zwischen den Gesch\u00e4ftsgeb\u00e4uden &#8222;Intersport Kuschinski&#8220; und &#8222;Modehaus C&amp;A&#8220; auf der M\u00fcnsterstra\u00dfe in Warendorfs Innenstadt wieder. W\u00e4hlen Sie einfach einen Men\u00fcpunkt aus, um mehr \u00fcber die Bogengemeinschaft und deren<\/p>\n","protected":false},"author":7,"featured_media":0,"parent":0,"menu_order":0,"comment_status":"closed","ping_status":"closed","template":"","meta":{"footnotes":""},"class_list":["post-46","page","type-page","status-publish","hentry"],"_links":{"self":[{"href":"https:\/\/bogengemeinschaften.de\/muensterstrasse\/wp-json\/wp\/v2\/pages\/46","targetHints":{"allow":["GET"]}}],"collection":[{"href":"https:\/\/bogengemeinschaften.de\/muensterstrasse\/wp-json\/wp\/v2\/pages"}],"about":[{"href":"https:\/\/bogengemeinschaften.de\/muensterstrasse\/wp-json\/wp\/v2\/types\/page"}],"author":[{"embeddable":true,"href":"https:\/\/bogengemeinschaften.de\/muensterstrasse\/wp-json\/wp\/v2\/users\/7"}],"replies":[{"embeddable":true,"href":"https:\/\/bogengemeinschaften.de\/muensterstrasse\/wp-json\/wp\/v2\/comments?post=46"}],"version-history":[{"count":5,"href":"https:\/\/bogengemeinschaften.de\/muensterstrasse\/wp-json\/wp\/v2\/pages\/46\/revisions"}],"predecessor-version":[{"id":172,"href":"https:\/\/bogengemeinschaften.de\/muensterstrasse\/wp-json\/wp\/v2\/pages\/46\/revisions\/172"}],"wp:attachment":[{"href":"https:\/\/bogengemeinschaften.de\/muensterstrasse\/wp-json\/wp\/v2\/media?parent=46"}],"curies":[{"name":"wp","href":"https:\/\/api.w.org\/{rel}","templated":true}]}}