{"id":37,"date":"2018-01-06T23:08:40","date_gmt":"2018-01-06T22:08:40","guid":{"rendered":"https:\/\/bogengemeinschaften.de\/freckenhorster\/?page_id=37"},"modified":"2026-04-01T20:17:11","modified_gmt":"2026-04-01T18:17:11","slug":"der-verein","status":"publish","type":"page","link":"https:\/\/bogengemeinschaften.de\/muensterstrasse\/der-verein\/","title":{"rendered":"Der Verein"},"content":{"rendered":"<p>Die Bogengemeinschaft der M\u00fcnsterstra\u00dfe ist nicht nur eine Hand voll engagierter Aufbauhelfer, sondern vielmehr eine Interessensgemeinschaft der Nachbarn und des gesamten Wohnviertel M\u00fcnstertor, Neuwarendorfs und des Westbezirks.<\/p>\n<p>Die aktiven Mitglieder unterteilen sich in den Vorstand, das Aufbauteam und die Sammler.<\/p>\n<p><strong><u>Der Vorstand:<\/u><\/strong><br \/>\nDie Mitglieder des Vorstandes vertreten die Interessen der Bogengemeinschaft, organisieren den Aufbau des Bogens sowie gemeinsame Veranstaltungen. Der Vorstand besteht aus einem Vorsitzenden und seinem Stellvertreter, einem Kassierer, einem Schriftf\u00fchrer, zwei Beisitzern sowie der Leitung des Aufbauteams.<\/p>\n<p><strong><u>Das Aufbauteam:<\/u><\/strong><br \/>\nDas Aufbauteam besteht derzeit aus ca. 30 M\u00e4nnern und Frauen aus den verschiedenstens Berufsgruppen, die oft ihre handwerklichen F\u00e4higkeiten mit gro\u00dfen Engagement ehrenamtlich beim Auf- und Abbau sowie bei anfallenden Reparaturen am Bogen einbringen.<\/p>\n<p><strong><u>Die Sammler:<\/u><\/strong><br \/>\nDa die entstehenden Kosten ausschlie\u00dflich aus Spenden der Anwohner gedeckt werden, gehen zahlreiche Mitglieder jedes Jahr in die Haushalte und Betriebe der Bogengemeinschaft, um f\u00fcr den Erhalt und den Aufbau des Bogens zu sammeln.<\/p>\n","protected":false},"excerpt":{"rendered":"<p>Die Bogengemeinschaft der M\u00fcnsterstra\u00dfe ist nicht nur eine Hand voll engagierter Aufbauhelfer, sondern vielmehr eine Interessensgemeinschaft der Nachbarn und des gesamten Wohnviertel M\u00fcnstertor, Neuwarendorfs und des Westbezirks. Die aktiven Mitglieder unterteilen sich in den Vorstand, das Aufbauteam und die Sammler.<\/p>\n","protected":false},"author":7,"featured_media":0,"parent":0,"menu_order":0,"comment_status":"closed","ping_status":"closed","template":"","meta":{"footnotes":""},"class_list":["post-37","page","type-page","status-publish","hentry"],"_links":{"self":[{"href":"https:\/\/bogengemeinschaften.de\/muensterstrasse\/wp-json\/wp\/v2\/pages\/37","targetHints":{"allow":["GET"]}}],"collection":[{"href":"https:\/\/bogengemeinschaften.de\/muensterstrasse\/wp-json\/wp\/v2\/pages"}],"about":[{"href":"https:\/\/bogengemeinschaften.de\/muensterstrasse\/wp-json\/wp\/v2\/types\/page"}],"author":[{"embeddable":true,"href":"https:\/\/bogengemeinschaften.de\/muensterstrasse\/wp-json\/wp\/v2\/users\/7"}],"replies":[{"embeddable":true,"href":"https:\/\/bogengemeinschaften.de\/muensterstrasse\/wp-json\/wp\/v2\/comments?post=37"}],"version-history":[{"count":2,"href":"https:\/\/bogengemeinschaften.de\/muensterstrasse\/wp-json\/wp\/v2\/pages\/37\/revisions"}],"predecessor-version":[{"id":174,"href":"https:\/\/bogengemeinschaften.de\/muensterstrasse\/wp-json\/wp\/v2\/pages\/37\/revisions\/174"}],"wp:attachment":[{"href":"https:\/\/bogengemeinschaften.de\/muensterstrasse\/wp-json\/wp\/v2\/media?parent=37"}],"curies":[{"name":"wp","href":"https:\/\/api.w.org\/{rel}","templated":true}]}}