{"id":129,"date":"2021-07-08T21:49:51","date_gmt":"2021-07-08T19:49:51","guid":{"rendered":"https:\/\/bogengemeinschaften.de\/marktplatz\/?page_id=129"},"modified":"2021-07-08T23:00:13","modified_gmt":"2021-07-08T21:00:13","slug":"bilder-vom-altar","status":"publish","type":"page","link":"https:\/\/bogengemeinschaften.de\/marktplatz\/bilder-des-bogens\/bilder-vom-altar\/","title":{"rendered":"Bilder vom Altar"},"content":{"rendered":"\n<p>Zur Tradition des Warendorfer Heimatfestes Mari\u00e4 Himmelfahrt geh\u00f6rt die gro\u00dfe Stadtprozession durch die Marienb\u00f6gen nach dem Festhochamt am Sonntag in der St. Laurentiuskirche. Die Stadtprozession f\u00fchrt an den Segensalt\u00e4ren vorbei, der letzte Altar der Prozession steht auf dem Marktplatz. Die Prozession zieht aus der Emsstra\u00dfe \u00fcber den Markt und durch den Bogen zum Altar.<\/p>\n\n\n\n<figure class=\"wp-block-gallery columns-3 is-cropped wp-block-gallery-1 is-layout-flex wp-block-gallery-is-layout-flex\"><ul class=\"blocks-gallery-grid\"><li class=\"blocks-gallery-item\"><figure><img loading=\"lazy\" decoding=\"async\" width=\"1024\" height=\"576\" src=\"https:\/\/bogengemeinschaften.de\/marktplatz\/wp-content\/uploads\/sites\/6\/2021\/07\/20180819_091744-1024x576.jpg\" alt=\"\" data-id=\"138\" data-link=\"https:\/\/bogengemeinschaften.de\/marktplatz\/?attachment_id=138\" class=\"wp-image-138\" srcset=\"https:\/\/bogengemeinschaften.de\/marktplatz\/wp-content\/uploads\/sites\/6\/2021\/07\/20180819_091744-1024x576.jpg 1024w, https:\/\/bogengemeinschaften.de\/marktplatz\/wp-content\/uploads\/sites\/6\/2021\/07\/20180819_091744-300x169.jpg 300w, https:\/\/bogengemeinschaften.de\/marktplatz\/wp-content\/uploads\/sites\/6\/2021\/07\/20180819_091744-768x432.jpg 768w, https:\/\/bogengemeinschaften.de\/marktplatz\/wp-content\/uploads\/sites\/6\/2021\/07\/20180819_091744-1536x864.jpg 1536w, https:\/\/bogengemeinschaften.de\/marktplatz\/wp-content\/uploads\/sites\/6\/2021\/07\/20180819_091744-2048x1152.jpg 2048w\" sizes=\"auto, (max-width: 1024px) 100vw, 1024px\" \/><figcaption class=\"blocks-gallery-item__caption\"><strong>Der beflaggte Altar<\/strong><\/figcaption><\/figure><\/li><li class=\"blocks-gallery-item\"><figure><img loading=\"lazy\" decoding=\"async\" width=\"1024\" height=\"576\" src=\"https:\/\/bogengemeinschaften.de\/marktplatz\/wp-content\/uploads\/sites\/6\/2021\/07\/d0b1e604-8352-4bd9-8a0e-624b7ac847ec-4-1024x576.jpg\" alt=\"\" data-id=\"137\" data-link=\"https:\/\/bogengemeinschaften.de\/marktplatz\/?attachment_id=137\" class=\"wp-image-137\" srcset=\"https:\/\/bogengemeinschaften.de\/marktplatz\/wp-content\/uploads\/sites\/6\/2021\/07\/d0b1e604-8352-4bd9-8a0e-624b7ac847ec-4-1024x576.jpg 1024w, https:\/\/bogengemeinschaften.de\/marktplatz\/wp-content\/uploads\/sites\/6\/2021\/07\/d0b1e604-8352-4bd9-8a0e-624b7ac847ec-4-300x169.jpg 300w, https:\/\/bogengemeinschaften.de\/marktplatz\/wp-content\/uploads\/sites\/6\/2021\/07\/d0b1e604-8352-4bd9-8a0e-624b7ac847ec-4-768x432.jpg 768w, https:\/\/bogengemeinschaften.de\/marktplatz\/wp-content\/uploads\/sites\/6\/2021\/07\/d0b1e604-8352-4bd9-8a0e-624b7ac847ec-4.jpg 1328w\" sizes=\"auto, (max-width: 1024px) 100vw, 1024px\" \/><figcaption class=\"blocks-gallery-item__caption\"><strong>Der Altar mit einem Blumenteppich<\/strong><\/figcaption><\/figure><\/li><li class=\"blocks-gallery-item\"><figure><img loading=\"lazy\" decoding=\"async\" width=\"1024\" height=\"683\" src=\"https:\/\/bogengemeinschaften.de\/marktplatz\/wp-content\/uploads\/sites\/6\/2021\/07\/5ed95f1a-10cb-4488-bebf-a78137f5aa17-7-1024x683.jpg\" alt=\"\" data-id=\"139\" data-full-url=\"https:\/\/bogengemeinschaften.de\/marktplatz\/wp-content\/uploads\/sites\/6\/2021\/07\/5ed95f1a-10cb-4488-bebf-a78137f5aa17-7.jpg\" data-link=\"https:\/\/bogengemeinschaften.de\/marktplatz\/?attachment_id=139\" class=\"wp-image-139\" srcset=\"https:\/\/bogengemeinschaften.de\/marktplatz\/wp-content\/uploads\/sites\/6\/2021\/07\/5ed95f1a-10cb-4488-bebf-a78137f5aa17-7-1024x683.jpg 1024w, https:\/\/bogengemeinschaften.de\/marktplatz\/wp-content\/uploads\/sites\/6\/2021\/07\/5ed95f1a-10cb-4488-bebf-a78137f5aa17-7-300x200.jpg 300w, https:\/\/bogengemeinschaften.de\/marktplatz\/wp-content\/uploads\/sites\/6\/2021\/07\/5ed95f1a-10cb-4488-bebf-a78137f5aa17-7-768x512.jpg 768w, https:\/\/bogengemeinschaften.de\/marktplatz\/wp-content\/uploads\/sites\/6\/2021\/07\/5ed95f1a-10cb-4488-bebf-a78137f5aa17-7.jpg 1200w\" sizes=\"auto, (max-width: 1024px) 100vw, 1024px\" \/><figcaption class=\"blocks-gallery-item__caption\"><strong>Der Altar mit einem Blumenteppich<\/strong><\/figcaption><\/figure><\/li><\/ul><\/figure>\n\n\n\n<p><\/p>\n","protected":false},"excerpt":{"rendered":"<p>Zur Tradition des Warendorfer Heimatfestes Mari\u00e4 Himmelfahrt geh\u00f6rt die gro\u00dfe Stadtprozession durch die Marienb\u00f6gen nach dem Festhochamt am Sonntag in der St. Laurentiuskirche. Die Stadtprozession f\u00fchrt an den Segensalt\u00e4ren vorbei, der letzte Altar der Prozession steht auf dem Marktplatz. Die<\/p>\n","protected":false},"author":6,"featured_media":0,"parent":77,"menu_order":0,"comment_status":"closed","ping_status":"closed","template":"","meta":{"footnotes":""},"class_list":["post-129","page","type-page","status-publish","hentry"],"_links":{"self":[{"href":"https:\/\/bogengemeinschaften.de\/marktplatz\/wp-json\/wp\/v2\/pages\/129","targetHints":{"allow":["GET"]}}],"collection":[{"href":"https:\/\/bogengemeinschaften.de\/marktplatz\/wp-json\/wp\/v2\/pages"}],"about":[{"href":"https:\/\/bogengemeinschaften.de\/marktplatz\/wp-json\/wp\/v2\/types\/page"}],"author":[{"embeddable":true,"href":"https:\/\/bogengemeinschaften.de\/marktplatz\/wp-json\/wp\/v2\/users\/6"}],"replies":[{"embeddable":true,"href":"https:\/\/bogengemeinschaften.de\/marktplatz\/wp-json\/wp\/v2\/comments?post=129"}],"version-history":[{"count":2,"href":"https:\/\/bogengemeinschaften.de\/marktplatz\/wp-json\/wp\/v2\/pages\/129\/revisions"}],"predecessor-version":[{"id":219,"href":"https:\/\/bogengemeinschaften.de\/marktplatz\/wp-json\/wp\/v2\/pages\/129\/revisions\/219"}],"up":[{"embeddable":true,"href":"https:\/\/bogengemeinschaften.de\/marktplatz\/wp-json\/wp\/v2\/pages\/77"}],"wp:attachment":[{"href":"https:\/\/bogengemeinschaften.de\/marktplatz\/wp-json\/wp\/v2\/media?parent=129"}],"curies":[{"name":"wp","href":"https:\/\/api.w.org\/{rel}","templated":true}]}}