{"id":108,"date":"2021-07-08T10:25:25","date_gmt":"2021-07-08T08:25:25","guid":{"rendered":"https:\/\/bogengemeinschaften.de\/marktplatz\/?page_id=108"},"modified":"2022-06-27T08:28:17","modified_gmt":"2022-06-27T06:28:17","slug":"der-vorstand","status":"publish","type":"page","link":"https:\/\/bogengemeinschaften.de\/marktplatz\/der-verein\/der-vorstand\/","title":{"rendered":"Der Vorstand"},"content":{"rendered":"\n<p>Der Vorstand setzt sich aktuell aus 8 Mitglieder*innen zusammen. Diese steuern und leiten die Geschicke des Bogens<\/p>\n\n\n\n<ul class=\"wp-block-list\"><li>1. Vorsitzender: Benedikt Ratermann<\/li><li>2. Vorsitzender: Markus Schwakenberg<\/li><li>1. Kassiererin: Julia K\u00f6nig<\/li><li>2. Kassiererin: Christina Budke<\/li><li>1. Schriftf\u00fchrer: Tobias Reth<\/li><li>2. Schriftf\u00fchrer: Hermann Temme<\/li><li>1. Aufbaumeister: Stefan Budke<\/li><li>2. Aufbaumeister: Chris German<\/li><\/ul>\n\n\n\n<figure class=\"wp-block-image size-large is-style-default\"><img loading=\"lazy\" decoding=\"async\" width=\"1024\" height=\"682\" src=\"https:\/\/bogengemeinschaften.de\/marktplatz\/wp-content\/uploads\/sites\/6\/2021\/07\/IMG_4543-1024x682.jpg\" alt=\"\" class=\"wp-image-238\" srcset=\"https:\/\/bogengemeinschaften.de\/marktplatz\/wp-content\/uploads\/sites\/6\/2021\/07\/IMG_4543-1024x682.jpg 1024w, https:\/\/bogengemeinschaften.de\/marktplatz\/wp-content\/uploads\/sites\/6\/2021\/07\/IMG_4543-300x200.jpg 300w, https:\/\/bogengemeinschaften.de\/marktplatz\/wp-content\/uploads\/sites\/6\/2021\/07\/IMG_4543-768x512.jpg 768w, https:\/\/bogengemeinschaften.de\/marktplatz\/wp-content\/uploads\/sites\/6\/2021\/07\/IMG_4543-1536x1024.jpg 1536w, https:\/\/bogengemeinschaften.de\/marktplatz\/wp-content\/uploads\/sites\/6\/2021\/07\/IMG_4543-2048x1365.jpg 2048w\" sizes=\"auto, (max-width: 1024px) 100vw, 1024px\" \/><figcaption><strong>v.l.: Chris Germann, Tobias Reth, Benedikt Ratermann, Stefan Budke, Julia K\u00f6nig, Markus Schwakenberg<br>Es fehlen: Hermann Temme, Christina Budke<\/strong><\/figcaption><\/figure>\n","protected":false},"excerpt":{"rendered":"<p>Der Vorstand setzt sich aktuell aus 8 Mitglieder*innen zusammen. Diese steuern und leiten die Geschicke des Bogens 1. Vorsitzender: Benedikt Ratermann 2. Vorsitzender: Markus Schwakenberg 1. Kassiererin: Julia K\u00f6nig 2. Kassiererin: Christina Budke 1. Schriftf\u00fchrer: Tobias Reth 2. Schriftf\u00fchrer: Hermann<\/p>\n","protected":false},"author":6,"featured_media":0,"parent":37,"menu_order":0,"comment_status":"closed","ping_status":"closed","template":"","meta":{"footnotes":""},"class_list":["post-108","page","type-page","status-publish","hentry"],"_links":{"self":[{"href":"https:\/\/bogengemeinschaften.de\/marktplatz\/wp-json\/wp\/v2\/pages\/108","targetHints":{"allow":["GET"]}}],"collection":[{"href":"https:\/\/bogengemeinschaften.de\/marktplatz\/wp-json\/wp\/v2\/pages"}],"about":[{"href":"https:\/\/bogengemeinschaften.de\/marktplatz\/wp-json\/wp\/v2\/types\/page"}],"author":[{"embeddable":true,"href":"https:\/\/bogengemeinschaften.de\/marktplatz\/wp-json\/wp\/v2\/users\/6"}],"replies":[{"embeddable":true,"href":"https:\/\/bogengemeinschaften.de\/marktplatz\/wp-json\/wp\/v2\/comments?post=108"}],"version-history":[{"count":7,"href":"https:\/\/bogengemeinschaften.de\/marktplatz\/wp-json\/wp\/v2\/pages\/108\/revisions"}],"predecessor-version":[{"id":254,"href":"https:\/\/bogengemeinschaften.de\/marktplatz\/wp-json\/wp\/v2\/pages\/108\/revisions\/254"}],"up":[{"embeddable":true,"href":"https:\/\/bogengemeinschaften.de\/marktplatz\/wp-json\/wp\/v2\/pages\/37"}],"wp:attachment":[{"href":"https:\/\/bogengemeinschaften.de\/marktplatz\/wp-json\/wp\/v2\/media?parent=108"}],"curies":[{"name":"wp","href":"https:\/\/api.w.org\/{rel}","templated":true}]}}