{"id":65,"date":"2018-01-08T13:03:14","date_gmt":"2018-01-08T12:03:14","guid":{"rendered":"https:\/\/bogengemeinschaften.de\/lueningerstrasse\/?page_id=65"},"modified":"2018-01-14T11:40:02","modified_gmt":"2018-01-14T10:40:02","slug":"bilder","status":"publish","type":"page","link":"https:\/\/bogengemeinschaften.de\/lueningerstrasse\/bilder\/","title":{"rendered":"Bilder"},"content":{"rendered":"<h4>Aufbau<\/h4>\n<p>Jede Hand wird gebraucht, wenn die \u201eSpatzen\u201c \u2013 L\u00fcning \u2013 L\u00fcningerstra\u00dfe \u2013 zum Aufbau rufen.<\/p>\n<p>Mehrere hundert Stunden Arbeit investierte Reinhold Ahlke (unten) in die neue Goldlackierung der \u201eTeppiche\u201c und Schriftz\u00fcge der Rosenkranz-Ges\u00e4tze, eine freiwillige Leistung f\u00fcr die Nachbarschaft.<\/p>\n<div data-carousel-extra='{\"blog_id\":5,\"permalink\":\"https:\\\/\\\/bogengemeinschaften.de\\\/lueningerstrasse\\\/bilder\\\/\"}' class=\"tiled-gallery type-rectangular\" data-original-width=\"750\"><div class=\"gallery-row\" style=\"width: 745px; height: 339px;\"><div class=\"gallery-group images-1\" style=\"width: 515px; height: 343px;\"><div class=\"tiled-gallery-item tiled-gallery-item-large\"><a href=\"https:\/\/bogengemeinschaften.de\/lueningerstrasse\/bilder\/aufbau-1\/\"><img loading=\"lazy\" decoding=\"async\" data-attachment-id=\"68\" data-orig-file=\"https:\/\/bogengemeinschaften.de\/lueningerstrasse\/wp-content\/uploads\/sites\/5\/2018\/01\/Aufbau-1.jpg\" data-orig-size=\"765,507\" data-comments-opened=\"1\" data-image-meta=\"{&quot;aperture&quot;:&quot;0&quot;,&quot;credit&quot;:&quot;&quot;,&quot;camera&quot;:&quot;&quot;,&quot;caption&quot;:&quot;&quot;,&quot;created_timestamp&quot;:&quot;0&quot;,&quot;copyright&quot;:&quot;&quot;,&quot;focal_length&quot;:&quot;0&quot;,&quot;iso&quot;:&quot;0&quot;,&quot;shutter_speed&quot;:&quot;0&quot;,&quot;title&quot;:&quot;&quot;,&quot;orientation&quot;:&quot;0&quot;}\" data-image-title=\"Aufbau 1\" data-image-description=\"\" data-medium-file=\"https:\/\/bogengemeinschaften.de\/lueningerstrasse\/wp-content\/uploads\/sites\/5\/2018\/01\/Aufbau-1-300x199.jpg\" data-large-file=\"https:\/\/bogengemeinschaften.de\/lueningerstrasse\/wp-content\/uploads\/sites\/5\/2018\/01\/Aufbau-1.jpg\" src=\"https:\/\/bogengemeinschaften.de\/lueningerstrasse\/wp-content\/uploads\/sites\/5\/2018\/01\/Aufbau-1-511x339.jpg\" width=\"511\" height=\"339\" align=\"left\" title=\"Aufbau 1\" \/><\/a><\/div><\/div><div class=\"gallery-group images-1\" style=\"width: 230px; height: 343px;\"><div class=\"tiled-gallery-item tiled-gallery-item-small\"><a href=\"https:\/\/bogengemeinschaften.de\/lueningerstrasse\/bilder\/aufbau-2\/\"><img loading=\"lazy\" decoding=\"async\" data-attachment-id=\"69\" data-orig-file=\"https:\/\/bogengemeinschaften.de\/lueningerstrasse\/wp-content\/uploads\/sites\/5\/2018\/01\/Aufbau-2.jpg\" data-orig-size=\"459,687\" data-comments-opened=\"1\" data-image-meta=\"{&quot;aperture&quot;:&quot;0&quot;,&quot;credit&quot;:&quot;&quot;,&quot;camera&quot;:&quot;&quot;,&quot;caption&quot;:&quot;&quot;,&quot;created_timestamp&quot;:&quot;0&quot;,&quot;copyright&quot;:&quot;&quot;,&quot;focal_length&quot;:&quot;0&quot;,&quot;iso&quot;:&quot;0&quot;,&quot;shutter_speed&quot;:&quot;0&quot;,&quot;title&quot;:&quot;&quot;,&quot;orientation&quot;:&quot;0&quot;}\" data-image-title=\"Aufbau 2\" data-image-description=\"\" data-medium-file=\"https:\/\/bogengemeinschaften.de\/lueningerstrasse\/wp-content\/uploads\/sites\/5\/2018\/01\/Aufbau-2-200x300.jpg\" data-large-file=\"https:\/\/bogengemeinschaften.de\/lueningerstrasse\/wp-content\/uploads\/sites\/5\/2018\/01\/Aufbau-2.jpg\" src=\"https:\/\/bogengemeinschaften.de\/lueningerstrasse\/wp-content\/uploads\/sites\/5\/2018\/01\/Aufbau-2-226x339.jpg\" width=\"226\" height=\"339\" align=\"left\" title=\"Aufbau 2\" \/><\/a><\/div><\/div><\/div><div class=\"gallery-row\" style=\"width: 745px; height: 496px;\"><div class=\"gallery-group images-1\" style=\"width: 745px; height: 500px;\"><div class=\"tiled-gallery-item tiled-gallery-item-large\"><a href=\"https:\/\/bogengemeinschaften.de\/lueningerstrasse\/bilder\/aufbau-3\/\"><img loading=\"lazy\" decoding=\"async\" data-attachment-id=\"70\" data-orig-file=\"https:\/\/bogengemeinschaften.de\/lueningerstrasse\/wp-content\/uploads\/sites\/5\/2018\/01\/Aufbau-3.jpg\" data-orig-size=\"686,459\" data-comments-opened=\"1\" data-image-meta=\"{&quot;aperture&quot;:&quot;0&quot;,&quot;credit&quot;:&quot;&quot;,&quot;camera&quot;:&quot;&quot;,&quot;caption&quot;:&quot;&quot;,&quot;created_timestamp&quot;:&quot;0&quot;,&quot;copyright&quot;:&quot;&quot;,&quot;focal_length&quot;:&quot;0&quot;,&quot;iso&quot;:&quot;0&quot;,&quot;shutter_speed&quot;:&quot;0&quot;,&quot;title&quot;:&quot;&quot;,&quot;orientation&quot;:&quot;0&quot;}\" data-image-title=\"Aufbau 3\" data-image-description=\"\" data-medium-file=\"https:\/\/bogengemeinschaften.de\/lueningerstrasse\/wp-content\/uploads\/sites\/5\/2018\/01\/Aufbau-3-300x201.jpg\" data-large-file=\"https:\/\/bogengemeinschaften.de\/lueningerstrasse\/wp-content\/uploads\/sites\/5\/2018\/01\/Aufbau-3.jpg\" src=\"https:\/\/bogengemeinschaften.de\/lueningerstrasse\/wp-content\/uploads\/sites\/5\/2018\/01\/Aufbau-3.jpg\" width=\"741\" height=\"496\" align=\"left\" title=\"Aufbau 3\" \/><\/a><\/div><\/div><\/div><\/div>\n<p>&nbsp;<\/p>\n<p>&nbsp;<\/p>\n<h4>Weitere Impressionen<\/h4>\n<div data-carousel-extra='{\"blog_id\":5,\"permalink\":\"https:\\\/\\\/bogengemeinschaften.de\\\/lueningerstrasse\\\/bilder\\\/\"}' class=\"tiled-gallery type-rectangular\" data-original-width=\"750\"><div class=\"gallery-row\" style=\"width: 745px; height: 326px;\"><div class=\"gallery-group images-1\" style=\"width: 216px; height: 330px;\"><div class=\"tiled-gallery-item tiled-gallery-item-small\"><a href=\"https:\/\/bogengemeinschaften.de\/lueningerstrasse\/wp-content\/uploads\/sites\/5\/2018\/01\/1.jpg\"><img loading=\"lazy\" decoding=\"async\" data-attachment-id=\"87\" data-orig-file=\"https:\/\/bogengemeinschaften.de\/lueningerstrasse\/wp-content\/uploads\/sites\/5\/2018\/01\/1.jpg\" data-orig-size=\"653,1006\" data-comments-opened=\"1\" data-image-meta=\"{&quot;aperture&quot;:&quot;0&quot;,&quot;credit&quot;:&quot;&quot;,&quot;camera&quot;:&quot;&quot;,&quot;caption&quot;:&quot;&quot;,&quot;created_timestamp&quot;:&quot;0&quot;,&quot;copyright&quot;:&quot;&quot;,&quot;focal_length&quot;:&quot;0&quot;,&quot;iso&quot;:&quot;0&quot;,&quot;shutter_speed&quot;:&quot;0&quot;,&quot;title&quot;:&quot;&quot;,&quot;orientation&quot;:&quot;0&quot;}\" data-image-title=\"\" data-image-description=\"\" data-medium-file=\"https:\/\/bogengemeinschaften.de\/lueningerstrasse\/wp-content\/uploads\/sites\/5\/2018\/01\/1-195x300.jpg\" data-large-file=\"https:\/\/bogengemeinschaften.de\/lueningerstrasse\/wp-content\/uploads\/sites\/5\/2018\/01\/1.jpg\" src=\"https:\/\/bogengemeinschaften.de\/lueningerstrasse\/wp-content\/uploads\/sites\/5\/2018\/01\/1-212x326.jpg\" width=\"212\" height=\"326\" align=\"left\" title=\"\" \/><\/a><\/div><\/div><div class=\"gallery-group images-1\" style=\"width: 529px; height: 330px;\"><div class=\"tiled-gallery-item tiled-gallery-item-large\"><a href=\"https:\/\/bogengemeinschaften.de\/lueningerstrasse\/wp-content\/uploads\/sites\/5\/2018\/01\/3.jpg\"><img loading=\"lazy\" decoding=\"async\" data-attachment-id=\"88\" data-orig-file=\"https:\/\/bogengemeinschaften.de\/lueningerstrasse\/wp-content\/uploads\/sites\/5\/2018\/01\/3.jpg\" data-orig-size=\"1069,663\" data-comments-opened=\"1\" data-image-meta=\"{&quot;aperture&quot;:&quot;0&quot;,&quot;credit&quot;:&quot;&quot;,&quot;camera&quot;:&quot;&quot;,&quot;caption&quot;:&quot;&quot;,&quot;created_timestamp&quot;:&quot;0&quot;,&quot;copyright&quot;:&quot;&quot;,&quot;focal_length&quot;:&quot;0&quot;,&quot;iso&quot;:&quot;0&quot;,&quot;shutter_speed&quot;:&quot;0&quot;,&quot;title&quot;:&quot;&quot;,&quot;orientation&quot;:&quot;0&quot;}\" data-image-title=\"\" data-image-description=\"\" data-medium-file=\"https:\/\/bogengemeinschaften.de\/lueningerstrasse\/wp-content\/uploads\/sites\/5\/2018\/01\/3-300x186.jpg\" data-large-file=\"https:\/\/bogengemeinschaften.de\/lueningerstrasse\/wp-content\/uploads\/sites\/5\/2018\/01\/3-1024x635.jpg\" src=\"https:\/\/bogengemeinschaften.de\/lueningerstrasse\/wp-content\/uploads\/sites\/5\/2018\/01\/3-525x326.jpg\" width=\"525\" height=\"326\" align=\"left\" title=\"\" \/><\/a><\/div><\/div><\/div><\/div>\n","protected":false},"excerpt":{"rendered":"<p>Aufbau Jede Hand wird gebraucht, wenn die \u201eSpatzen\u201c \u2013 L\u00fcning \u2013 L\u00fcningerstra\u00dfe \u2013 zum Aufbau rufen. Mehrere hundert Stunden Arbeit investierte Reinhold Ahlke (unten) in die neue Goldlackierung der \u201eTeppiche\u201c und Schriftz\u00fcge der Rosenkranz-Ges\u00e4tze, eine freiwillige Leistung f\u00fcr die Nachbarschaft.<\/p>\n","protected":false},"author":1,"featured_media":0,"parent":0,"menu_order":0,"comment_status":"closed","ping_status":"closed","template":"","meta":{"footnotes":""},"class_list":["post-65","page","type-page","status-publish","hentry"],"_links":{"self":[{"href":"https:\/\/bogengemeinschaften.de\/lueningerstrasse\/wp-json\/wp\/v2\/pages\/65","targetHints":{"allow":["GET"]}}],"collection":[{"href":"https:\/\/bogengemeinschaften.de\/lueningerstrasse\/wp-json\/wp\/v2\/pages"}],"about":[{"href":"https:\/\/bogengemeinschaften.de\/lueningerstrasse\/wp-json\/wp\/v2\/types\/page"}],"author":[{"embeddable":true,"href":"https:\/\/bogengemeinschaften.de\/lueningerstrasse\/wp-json\/wp\/v2\/users\/1"}],"replies":[{"embeddable":true,"href":"https:\/\/bogengemeinschaften.de\/lueningerstrasse\/wp-json\/wp\/v2\/comments?post=65"}],"version-history":[{"count":14,"href":"https:\/\/bogengemeinschaften.de\/lueningerstrasse\/wp-json\/wp\/v2\/pages\/65\/revisions"}],"predecessor-version":[{"id":116,"href":"https:\/\/bogengemeinschaften.de\/lueningerstrasse\/wp-json\/wp\/v2\/pages\/65\/revisions\/116"}],"wp:attachment":[{"href":"https:\/\/bogengemeinschaften.de\/lueningerstrasse\/wp-json\/wp\/v2\/media?parent=65"}],"curies":[{"name":"wp","href":"https:\/\/api.w.org\/{rel}","templated":true}]}}