{"id":42,"date":"2018-01-06T23:20:42","date_gmt":"2018-01-06T22:20:42","guid":{"rendered":"https:\/\/bogengemeinschaften.de\/freckenhorster\/?page_id=42"},"modified":"2018-01-14T11:36:11","modified_gmt":"2018-01-14T10:36:11","slug":"historisches","status":"publish","type":"page","link":"https:\/\/bogengemeinschaften.de\/lueningerstrasse\/historisches\/","title":{"rendered":"Historisches"},"content":{"rendered":"<p>Eine wichtige Fundgrube ist eine Artikelserie der heimischen Presse aus den 20er Jahren, in der die B\u00f6gen der Stadt in ihrem Werden chronologisch tabellarisch vorgestellt werden. Wir zitieren: \u201eZu welcher Zeit die Bogen-Nachbarschaft L\u00fcningerstra\u00dfe zum ersten Male in die Erscheinung tritt, ist nicht bestimmt festzustellen. Dass nun 1840 schon recht viele Jahre dieser Stra\u00dfenzug einen Bogen errichtet hatte, wissen wir bestimmt.<\/p>\n<p>Der Bogen der Bogennachbarschaft L\u00fcningerstra\u00dfe war ein leichter, auf vier Pfeilern ruhender und mit vielen Kr\u00e4nzen und Laubwerk geschm\u00fcckter Bogen.<\/p>\n<p>&nbsp;<\/p>\n<div data-carousel-extra='{\"blog_id\":5,\"permalink\":\"https:\\\/\\\/bogengemeinschaften.de\\\/lueningerstrasse\\\/historisches\\\/\"}' class=\"tiled-gallery type-rectangular\" data-original-width=\"750\"><div class=\"gallery-row\" style=\"width: 745px; height: 437px;\"><div class=\"gallery-group images-1\" style=\"width: 370px; height: 441px;\"><div class=\"tiled-gallery-item tiled-gallery-item-large\"><a href=\"https:\/\/bogengemeinschaften.de\/lueningerstrasse\/wp-content\/uploads\/sites\/5\/2018\/01\/Hostorisches-1.jpg\"><img loading=\"lazy\" decoding=\"async\" data-attachment-id=\"80\" data-orig-file=\"https:\/\/bogengemeinschaften.de\/lueningerstrasse\/wp-content\/uploads\/sites\/5\/2018\/01\/Hostorisches-1.jpg\" data-orig-size=\"833,997\" data-comments-opened=\"1\" data-image-meta=\"{&quot;aperture&quot;:&quot;0&quot;,&quot;credit&quot;:&quot;&quot;,&quot;camera&quot;:&quot;&quot;,&quot;caption&quot;:&quot;&quot;,&quot;created_timestamp&quot;:&quot;0&quot;,&quot;copyright&quot;:&quot;&quot;,&quot;focal_length&quot;:&quot;0&quot;,&quot;iso&quot;:&quot;0&quot;,&quot;shutter_speed&quot;:&quot;0&quot;,&quot;title&quot;:&quot;&quot;,&quot;orientation&quot;:&quot;0&quot;}\" data-image-title=\"Hostorisches 1\" data-image-description=\"\" data-medium-file=\"https:\/\/bogengemeinschaften.de\/lueningerstrasse\/wp-content\/uploads\/sites\/5\/2018\/01\/Hostorisches-1-251x300.jpg\" data-large-file=\"https:\/\/bogengemeinschaften.de\/lueningerstrasse\/wp-content\/uploads\/sites\/5\/2018\/01\/Hostorisches-1.jpg\" src=\"https:\/\/bogengemeinschaften.de\/lueningerstrasse\/wp-content\/uploads\/sites\/5\/2018\/01\/Hostorisches-1-366x437.jpg\" width=\"366\" height=\"437\" align=\"left\" title=\"Hostorisches 1\" \/><\/a><\/div><\/div><div class=\"gallery-group images-1\" style=\"width: 375px; height: 441px;\"><div class=\"tiled-gallery-item tiled-gallery-item-large\"><a href=\"https:\/\/bogengemeinschaften.de\/lueningerstrasse\/wp-content\/uploads\/sites\/5\/2018\/01\/Historisches-2.jpg\"><img loading=\"lazy\" decoding=\"async\" data-attachment-id=\"79\" data-orig-file=\"https:\/\/bogengemeinschaften.de\/lueningerstrasse\/wp-content\/uploads\/sites\/5\/2018\/01\/Historisches-2.jpg\" data-orig-size=\"467,550\" data-comments-opened=\"1\" data-image-meta=\"{&quot;aperture&quot;:&quot;0&quot;,&quot;credit&quot;:&quot;&quot;,&quot;camera&quot;:&quot;&quot;,&quot;caption&quot;:&quot;&quot;,&quot;created_timestamp&quot;:&quot;0&quot;,&quot;copyright&quot;:&quot;&quot;,&quot;focal_length&quot;:&quot;0&quot;,&quot;iso&quot;:&quot;0&quot;,&quot;shutter_speed&quot;:&quot;0&quot;,&quot;title&quot;:&quot;&quot;,&quot;orientation&quot;:&quot;0&quot;}\" data-image-title=\"Historisches 2\" data-image-description=\"\" data-medium-file=\"https:\/\/bogengemeinschaften.de\/lueningerstrasse\/wp-content\/uploads\/sites\/5\/2018\/01\/Historisches-2-255x300.jpg\" data-large-file=\"https:\/\/bogengemeinschaften.de\/lueningerstrasse\/wp-content\/uploads\/sites\/5\/2018\/01\/Historisches-2.jpg\" src=\"https:\/\/bogengemeinschaften.de\/lueningerstrasse\/wp-content\/uploads\/sites\/5\/2018\/01\/Historisches-2-371x437.jpg\" width=\"371\" height=\"437\" align=\"left\" title=\"Historisches 2\" \/><\/a><\/div><\/div><\/div><\/div>\n<p>&nbsp;<\/p>\n<p>Bis zum Jahre 1882 ist er in dieser Form beleuchtet worden.<br \/>\nEin Nachbarball ist fast jedes Jahr gehalten worden, wahrscheinlich in den ersten Jahrzehnten im Saale des Hauses L\u00fcningerstra\u00dfe 18.<br \/>\nNachdem der B\u00fcrgersch\u00fctzenhof gebaut worden war, wurde die Nachbarfeier bis zum Jahre 1900 stets dort gehalten.<br \/>\nSeit dem Jahre 1900 wird sie im Lokale Cordes, Klosterstra\u00dfe, gehalten.<\/p>\n<p>&nbsp;<\/p>\n<p>1882 &#8211; Der jetzige Bogen wurde in diesem Jahre nach dem Entwurfe des Schreinermeisters Josef Kohlstedde, Hohe Stra\u00dfe 7, von ihm selbst angefertigt.<\/p>\n<p>1883 &#8211; In diesem Jahre wird der alte Bogen verkauft; es werden 12,30 Mark eingenommen.<\/p>\n<p>1884 &#8211; Der hochw\u00fcrdigste Herr Bischof Bernard Brinkmann weilte im Mai dieses Jahres zum ersten Male nach seiner Verbannung wieder in Warendorf, um das Sakrament der heiligen Firmung zu spenden. Zu seinem Empfange am M\u00fcnstertor wurde der Bogen als Ehren- und Empfangsbogen aufgestellt.<\/p>\n<p>1911 &#8211; Elektrotechniker D\u00f6rlemann musste die elektrische Anlage weiter ausbauen, besonders ein gro\u00dfes lateinisches M zur Beleuchtung anfertigen.<\/p>\n<p>&nbsp;<\/p>\n<p>Erstmalig wurde f\u00fcr den Vorabend des Maria Himmelfahrt-festes eine Musikkapelle bestellt. 1914. Der Weltkrieg bricht aus. Der Bogen wird nicht aufgebaut.\u00a0Bei der Einf\u00fchrung des hochw\u00fcrdigen Herrn Klemens M\u00fcnchemeier als neuernannter Pfarrer der Alten Pfarre St. Laurentius, wurde der Bogen L\u00fcningerstra\u00dfe als Empfangs- und Ehrenbogen auf der Bahnhofstra\u00dfe errichtet. Nicht unerw\u00e4hnt m\u00f6chten wir lassen, dass im Jahre 1926 Herr Schuhmachermeister B. Recker sein 50j\u00e4hriges Jubil\u00e4um als Vorsitzender der Nachbarschaft L\u00fcningerstra\u00dfe feiern konnte.\u201cErhalten sind heute auch die alten handschriftlichen Protokolle von 1927, unter anderem gef\u00fchrt \u00fcber Jahrzehnte von Heinrich Schall\u00fcck, Josef und Rudi Austermann und\u00a0dann Hildegard Dreischulte.<\/p>\n<p>Von einem weiteren Bogen wird aus den 30er Jahren berichtet, und erst 1949 schuf der aus Warendorf stammende Architekt Hubert Kapusta aus Hamburg den bis heute unver\u00e4nderten Bogen.<\/p>\n","protected":false},"excerpt":{"rendered":"<p>Eine wichtige Fundgrube ist eine Artikelserie der heimischen Presse aus den 20er Jahren, in der die B\u00f6gen der Stadt in ihrem Werden chronologisch tabellarisch vorgestellt werden. Wir zitieren: \u201eZu welcher Zeit die Bogen-Nachbarschaft L\u00fcningerstra\u00dfe zum ersten Male in die Erscheinung<\/p>\n","protected":false},"author":5,"featured_media":0,"parent":0,"menu_order":0,"comment_status":"closed","ping_status":"closed","template":"","meta":{"footnotes":""},"class_list":["post-42","page","type-page","status-publish","hentry"],"_links":{"self":[{"href":"https:\/\/bogengemeinschaften.de\/lueningerstrasse\/wp-json\/wp\/v2\/pages\/42","targetHints":{"allow":["GET"]}}],"collection":[{"href":"https:\/\/bogengemeinschaften.de\/lueningerstrasse\/wp-json\/wp\/v2\/pages"}],"about":[{"href":"https:\/\/bogengemeinschaften.de\/lueningerstrasse\/wp-json\/wp\/v2\/types\/page"}],"author":[{"embeddable":true,"href":"https:\/\/bogengemeinschaften.de\/lueningerstrasse\/wp-json\/wp\/v2\/users\/5"}],"replies":[{"embeddable":true,"href":"https:\/\/bogengemeinschaften.de\/lueningerstrasse\/wp-json\/wp\/v2\/comments?post=42"}],"version-history":[{"count":6,"href":"https:\/\/bogengemeinschaften.de\/lueningerstrasse\/wp-json\/wp\/v2\/pages\/42\/revisions"}],"predecessor-version":[{"id":113,"href":"https:\/\/bogengemeinschaften.de\/lueningerstrasse\/wp-json\/wp\/v2\/pages\/42\/revisions\/113"}],"wp:attachment":[{"href":"https:\/\/bogengemeinschaften.de\/lueningerstrasse\/wp-json\/wp\/v2\/media?parent=42"}],"curies":[{"name":"wp","href":"https:\/\/api.w.org\/{rel}","templated":true}]}}