{"id":48,"date":"2018-01-06T23:21:38","date_gmt":"2018-01-06T22:21:38","guid":{"rendered":"https:\/\/bogengemeinschaften.de\/freckenhorster\/?page_id=48"},"modified":"2018-01-08T12:28:39","modified_gmt":"2018-01-08T11:28:39","slug":"danke","status":"publish","type":"page","link":"https:\/\/bogengemeinschaften.de\/koenigstrasse\/danke\/","title":{"rendered":"Die Bogengemeinschaft K\u00f6nigstra\u00dfe sagt Danke!"},"content":{"rendered":"<p>Wir danken allen Aufbauhelfern, Sammlern, Freunden und G\u00f6nnern unserer beiden B\u00f6gen f\u00fcr ihre tatkr\u00e4ftige und auch finanzielle Unterst\u00fctzung!<\/p>\n","protected":false},"excerpt":{"rendered":"<p>Wir danken allen Aufbauhelfern, Sammlern, Freunden und G\u00f6nnern unserer beiden B\u00f6gen f\u00fcr ihre tatkr\u00e4ftige und auch finanzielle Unterst\u00fctzung!<\/p>\n","protected":false},"author":4,"featured_media":0,"parent":0,"menu_order":0,"comment_status":"closed","ping_status":"closed","template":"","meta":{"footnotes":""},"class_list":["post-48","page","type-page","status-publish","hentry"],"_links":{"self":[{"href":"https:\/\/bogengemeinschaften.de\/koenigstrasse\/wp-json\/wp\/v2\/pages\/48","targetHints":{"allow":["GET"]}}],"collection":[{"href":"https:\/\/bogengemeinschaften.de\/koenigstrasse\/wp-json\/wp\/v2\/pages"}],"about":[{"href":"https:\/\/bogengemeinschaften.de\/koenigstrasse\/wp-json\/wp\/v2\/types\/page"}],"author":[{"embeddable":true,"href":"https:\/\/bogengemeinschaften.de\/koenigstrasse\/wp-json\/wp\/v2\/users\/4"}],"replies":[{"embeddable":true,"href":"https:\/\/bogengemeinschaften.de\/koenigstrasse\/wp-json\/wp\/v2\/comments?post=48"}],"version-history":[{"count":1,"href":"https:\/\/bogengemeinschaften.de\/koenigstrasse\/wp-json\/wp\/v2\/pages\/48\/revisions"}],"predecessor-version":[{"id":65,"href":"https:\/\/bogengemeinschaften.de\/koenigstrasse\/wp-json\/wp\/v2\/pages\/48\/revisions\/65"}],"wp:attachment":[{"href":"https:\/\/bogengemeinschaften.de\/koenigstrasse\/wp-json\/wp\/v2\/media?parent=48"}],"curies":[{"name":"wp","href":"https:\/\/api.w.org\/{rel}","templated":true}]}}