{"id":42,"date":"2018-01-06T23:20:42","date_gmt":"2018-01-06T22:20:42","guid":{"rendered":"https:\/\/bogengemeinschaften.de\/freckenhorster\/?page_id=42"},"modified":"2018-01-08T12:15:47","modified_gmt":"2018-01-08T11:15:47","slug":"historisches","status":"publish","type":"page","link":"https:\/\/bogengemeinschaften.de\/heumarkt\/historisches\/","title":{"rendered":"Historisches zum Bogen am Heumarkt"},"content":{"rendered":"<p>Engelbert Hagemeyer hatte 1970 f\u00fcr den Bogen einen Entwurf geliefert und Clemens Eggersmann die entsprechenden Berechnungen durchgef\u00fchrt.<br \/>\nDer neue Bogen l\u00f6ste mit seinem futuristischen Design aber nichtnur Wohlwollen aus. Die Vorz\u00fcge des leichten Materials aus Kunstfaser und das ebenerdige Aufbauen waren dagegen sofort mit Begeisterung aufgenommen worden.<br \/>\nDer Vierst\u00e4nderbogen ersetzte eine Sechsst\u00e4nderkonstruktion der Nachkriegszeit. Der begehbare Bogen von 1948 bis 1969 war traditionell aus Holz gefertigt.<br \/>\nGanz \u00e4hnlich sah auch der Vorg\u00e4ngerbogen aus. Nur waren die Pfeiler jeweils mit einer Sockelzone und nach oben verj\u00fcngenden S\u00e4ulenhals noch eher klassizistisch ausgebildet.<br \/>\nWenn die Dunkelheit hereinbricht, wird der Bogen zur Probe schon einmal ins rechte Bild gesetzt. Schlie\u00dflich soll sp\u00e4ter die Illumination am Vorabend der gro\u00dfen Stadtprozession f\u00fcr die n\u00f6tige Stimmung sorgen. Moderne R\u00f6hrenlampen und Scheinwerfer leuchten den heutigen Bogen aus. Noch in den 60er Jahren h\u00fcllten kleine Gasfl\u00e4mmchen den damaligen Bogen in ein bizarres blaues Licht. In der Zeit des Mangels dienten in den 30er und 40er Jahren rote Bungen f\u00fcr die festliche Stimmung. Nur in der kleinen erh\u00f6hten Kapelle in der Mitte des Bogens leuchteten in besseren Zeiten helle Lichter den kleinen Raum vollst\u00e4ndig aus. Dort bewegte sich aus einer Drehscheibe eine Puppenprozession, deren bekleidete Figuren im Kreise zu gehen schienen. Um 1950 mussten einige der Puppen ersetzt werden.<br \/>\nDie Warendorferin Elly Gr\u00fctzner schnitzte daf\u00fcr mehrere Figuren aus Lindenholz. Die K\u00f6rper der etwa 35-50cm gro\u00dfen Figuren waren mit Stech- und Hohleisen sowie mit Schleifwerkzeugen einfach gearbeitet, nur die individuell herausgearbeiteten Gesichtsz\u00fcge wiesen feinere Strukturen auf.<br \/>\nDer Bogenvater, wie der Chef der Bogengemeinschaft respektvoll genannt wird, bedankt sich bei allen Frauen, M\u00e4nnern und Kindern f\u00fcr den reibungslosen Aufbau, bei den Haussammlerinnen, den Anwohnern f\u00fcr die Blumenaufzucht und bei den edlen Spendern f\u00fcr die geistigen Getr\u00e4nke des Abends. F\u00fcr die zahlreichen Kinder ist die Ordensverleihung f\u00fcr die amtierende Throngesellschaft des letzten Sommerfestes ein echter H\u00f6hepunkt. Den Frauen verspricht er f\u00fcr den Herbst einen vergn\u00fcglichen Tanzabend beim j\u00e4hrlichen Bogenball.<br \/>\nObwohl die Bogengemeinschaft erst wenige Jahre als Verein registriert ist, so ist doch f\u00fcr jeden Einzelnen die Pflege der Tradition Ansporn genug, sich f\u00fcr die Bewahrung des Festes einzusetzen. Und dabei soll es bleiben!<\/p>\n","protected":false},"excerpt":{"rendered":"<p>Engelbert Hagemeyer hatte 1970 f\u00fcr den Bogen einen Entwurf geliefert und Clemens Eggersmann die entsprechenden Berechnungen durchgef\u00fchrt. Der neue Bogen l\u00f6ste mit seinem futuristischen Design aber nichtnur Wohlwollen aus. Die Vorz\u00fcge des leichten Materials aus Kunstfaser und das ebenerdige Aufbauen<\/p>\n","protected":false},"author":3,"featured_media":0,"parent":0,"menu_order":0,"comment_status":"closed","ping_status":"closed","template":"","meta":{"footnotes":""},"class_list":["post-42","page","type-page","status-publish","hentry"],"_links":{"self":[{"href":"https:\/\/bogengemeinschaften.de\/heumarkt\/wp-json\/wp\/v2\/pages\/42","targetHints":{"allow":["GET"]}}],"collection":[{"href":"https:\/\/bogengemeinschaften.de\/heumarkt\/wp-json\/wp\/v2\/pages"}],"about":[{"href":"https:\/\/bogengemeinschaften.de\/heumarkt\/wp-json\/wp\/v2\/types\/page"}],"author":[{"embeddable":true,"href":"https:\/\/bogengemeinschaften.de\/heumarkt\/wp-json\/wp\/v2\/users\/3"}],"replies":[{"embeddable":true,"href":"https:\/\/bogengemeinschaften.de\/heumarkt\/wp-json\/wp\/v2\/comments?post=42"}],"version-history":[{"count":2,"href":"https:\/\/bogengemeinschaften.de\/heumarkt\/wp-json\/wp\/v2\/pages\/42\/revisions"}],"predecessor-version":[{"id":95,"href":"https:\/\/bogengemeinschaften.de\/heumarkt\/wp-json\/wp\/v2\/pages\/42\/revisions\/95"}],"wp:attachment":[{"href":"https:\/\/bogengemeinschaften.de\/heumarkt\/wp-json\/wp\/v2\/media?parent=42"}],"curies":[{"name":"wp","href":"https:\/\/api.w.org\/{rel}","templated":true}]}}